{"id":11,"date":"2022-01-27T22:27:19","date_gmt":"2022-01-27T21:27:19","guid":{"rendered":"http:\/\/club-der-hundefreunde-achim.de\/cms\/?page_id=11"},"modified":"2023-11-19T19:20:27","modified_gmt":"2023-11-19T18:20:27","slug":"das-neue-museum-oeffnet-seine-tueren-2","status":"publish","type":"page","link":"https:\/\/www.club-der-hundefreunde-achim.de\/cms\/","title":{"rendered":"Fellnasen willkommen! Club der Hundefreunde"},"content":{"rendered":"\n<div class=\"wp-block-columns is-layout-flex wp-container-core-columns-is-layout-9d6595d7 wp-block-columns-is-layout-flex\">\n<div class=\"wp-block-column is-layout-flow wp-block-column-is-layout-flow\" style=\"flex-basis:100%\">\n<div class=\"wp-block-columns is-layout-flex wp-container-core-columns-is-layout-9d6595d7 wp-block-columns-is-layout-flex\">\n<div class=\"wp-block-column is-vertically-aligned-top is-layout-flow wp-block-column-is-layout-flow\" style=\"flex-basis:100%\">\n<div class=\"wp-block-group alignwide has-primary-color has-subtle-background-background-color has-text-color has-background\"><div class=\"wp-block-group__inner-container is-layout-constrained wp-block-group-is-layout-constrained\"><ul class=\"wp-block-latest-posts__list has-author aligncenter wp-block-latest-posts\"><li><a class=\"wp-block-latest-posts__post-title\" href=\"https:\/\/www.club-der-hundefreunde-achim.de\/cms\/platzpflege\/\">Platzpflege<\/a><div class=\"wp-block-latest-posts__post-author\">von Gesa Nitz<\/div><\/li>\n<\/ul>\n\n<\/div><\/div>\n<\/div>\n<\/div>\n<\/div>\n<\/div>\n\n\n\n<div class=\"wp-block-group alignwide\"><div class=\"wp-block-group__inner-container is-layout-flow wp-block-group-is-layout-flow\">\n<h2 class=\"wp-block-heading has-text-align-center\" id=\"die-erste-adresse-fur-welpentraining-junghundetraining-gruppentraining-agility-spass-und-spiel-taglich-kurse\">Euer Treffpunkt f\u00fcr Welpentraining, Junghundetraining, Gruppentraining, Agility, Spa\u00df und Spiel &#8230;<br>&#8211; T\u00e4glich Kurse &#8211;<\/h2>\n\n\n\n<div class=\"wp-block-group\"><div class=\"wp-block-group__inner-container is-layout-flow wp-block-group-is-layout-flow\">\n<div class=\"wp-block-buttons is-content-justification-center is-layout-flex wp-container-core-buttons-is-layout-16018d1d wp-block-buttons-is-layout-flex\">\n<div class=\"wp-block-button is-style-fill\"><a class=\"wp-block-button__link has-primary-background-color has-background wp-element-button\" href=\"https:\/\/www.club-der-hundefreunde-achim.de\/cms\/download-kursuebersicht\/\">download kursplan pdf<\/a><\/div>\n<\/div>\n<\/div><\/div>\n<\/div><\/div>\n\n\n\n<div class=\"wp-block-columns alignwide is-layout-flex wp-container-core-columns-is-layout-9d6595d7 wp-block-columns-is-layout-flex\">\n<div class=\"wp-block-column is-layout-flow wp-block-column-is-layout-flow\">\n<div class=\"wp-block-group\"><div class=\"wp-block-group__inner-container is-layout-flow wp-block-group-is-layout-flow\">\n<figure class=\"wp-block-image size-large is-resized\"><a href=\"https:\/\/www.club-der-hundefreunde-achim.de\/cms\/welpentraining\/\"><img loading=\"lazy\" decoding=\"async\" width=\"1024\" height=\"683\" src=\"http:\/\/club-der-hundefreunde-achim.de\/cms\/wp-content\/uploads\/2022\/02\/Minis_01-1024x683.png\" alt=\"\" class=\"wp-image-110\" style=\"width:578px;height:385px\" srcset=\"https:\/\/www.club-der-hundefreunde-achim.de\/cms\/wp-content\/uploads\/2022\/02\/Minis_01-1024x683.png 1024w, https:\/\/www.club-der-hundefreunde-achim.de\/cms\/wp-content\/uploads\/2022\/02\/Minis_01-300x200.png 300w, https:\/\/www.club-der-hundefreunde-achim.de\/cms\/wp-content\/uploads\/2022\/02\/Minis_01-768x512.png 768w, https:\/\/www.club-der-hundefreunde-achim.de\/cms\/wp-content\/uploads\/2022\/02\/Minis_01-1536x1024.png 1536w, https:\/\/www.club-der-hundefreunde-achim.de\/cms\/wp-content\/uploads\/2022\/02\/Minis_01-1200x800.png 1200w, https:\/\/www.club-der-hundefreunde-achim.de\/cms\/wp-content\/uploads\/2022\/02\/Minis_01.png 1800w\" sizes=\"auto, (max-width: 1024px) 100vw, 1024px\" \/><\/a><\/figure>\n\n\n\n<h3 class=\"wp-block-heading\" id=\"welpentraining\">Welpentraining<\/h3>\n\n\n\n<p>Wird derzeit leider nicht angeboten &#8211; informiert Euch aber gerne &#8230;<\/p>\n\n\n\n<div class=\"wp-block-button is-style-fill\"><a class=\"wp-block-button__link has-primary-background-color has-background wp-element-button\" href=\"http:\/\/club-der-hundefreunde-achim.de\/cms\/welpentraining\/\">Weiterlesen<\/a><\/div>\n<\/div><\/div>\n\n\n\n<div class=\"wp-block-group\"><div class=\"wp-block-group__inner-container is-layout-flow wp-block-group-is-layout-flow\">\n<figure class=\"wp-block-image alignfull size-large\"><img loading=\"lazy\" decoding=\"async\" width=\"1024\" height=\"686\" src=\"http:\/\/www.club-der-hundefreunde-achim.de\/cms\/wp-content\/uploads\/2023\/08\/IMG_4580-scaled-e1692735211681-1024x686.jpeg\" alt=\"\" class=\"wp-image-618\" srcset=\"https:\/\/www.club-der-hundefreunde-achim.de\/cms\/wp-content\/uploads\/2023\/08\/IMG_4580-scaled-e1692735211681-1024x686.jpeg 1024w, https:\/\/www.club-der-hundefreunde-achim.de\/cms\/wp-content\/uploads\/2023\/08\/IMG_4580-scaled-e1692735211681-300x201.jpeg 300w, https:\/\/www.club-der-hundefreunde-achim.de\/cms\/wp-content\/uploads\/2023\/08\/IMG_4580-scaled-e1692735211681-768x515.jpeg 768w, https:\/\/www.club-der-hundefreunde-achim.de\/cms\/wp-content\/uploads\/2023\/08\/IMG_4580-scaled-e1692735211681-1536x1029.jpeg 1536w, https:\/\/www.club-der-hundefreunde-achim.de\/cms\/wp-content\/uploads\/2023\/08\/IMG_4580-scaled-e1692735211681-2048x1372.jpeg 2048w, https:\/\/www.club-der-hundefreunde-achim.de\/cms\/wp-content\/uploads\/2023\/08\/IMG_4580-scaled-e1692735211681-1200x804.jpeg 1200w, https:\/\/www.club-der-hundefreunde-achim.de\/cms\/wp-content\/uploads\/2023\/08\/IMG_4580-scaled-e1692735211681-1980x1326.jpeg 1980w\" sizes=\"auto, (max-width: 1024px) 100vw, 1024px\" \/><\/figure>\n\n\n\n<h3 class=\"wp-block-heading\" id=\"gruppentraining\">Erziehungskurse<\/h3>\n\n\n\n<p>Alle Kurse f\u00fcr erwachsene Hunde im \u00dcberblick<\/p>\n\n\n\n<div class=\"wp-block-button is-style-fill\"><a class=\"wp-block-button__link has-primary-background-color has-background wp-element-button\" href=\"http:\/\/club-der-hundefreunde-achim.de\/cms\/gruppenkurse\/\">Weiterlesen<\/a><\/div>\n<\/div><\/div>\n<\/div>\n\n\n\n<div class=\"wp-block-column is-layout-flow wp-block-column-is-layout-flow\">\n<div class=\"wp-block-group\"><div class=\"wp-block-group__inner-container is-layout-flow wp-block-group-is-layout-flow\">\n<figure class=\"wp-block-image alignfull size-large\"><a href=\"http:\/\/club-der-hundefreunde-achim.de\/cms\/rasselbande\/\"><img decoding=\"async\" src=\"http:\/\/club-der-hundefreunde-achim.de\/cms\/wp-content\/uploads\/2022\/02\/ErwachseneGrosseHunde_01-1024x683.png\" alt=\"\" class=\"wp-image-114\"\/><\/a><\/figure>\n\n\n\n<h3 class=\"wp-block-heading\" id=\"junghundetraining\">Junghundetraining<\/h3>\n\n\n\n<p>Wird derzeit leider nicht angeboten &#8211; informiert Euch aber gerne &#8230;<\/p>\n\n\n\n<div class=\"wp-block-button is-style-fill\"><a class=\"wp-block-button__link has-primary-background-color has-background wp-element-button\" href=\"http:\/\/club-der-hundefreunde-achim.de\/cms\/rasselbande\/\">Weiterlesen<\/a><\/div>\n<\/div><\/div>\n\n\n\n<div class=\"wp-block-group\"><div class=\"wp-block-group__inner-container is-layout-flow wp-block-group-is-layout-flow\">\n<figure class=\"wp-block-image alignfull size-large\"><a href=\"http:\/\/club-der-hundefreunde-achim.de\/cms\/beschaeftigungskurse\"><img loading=\"lazy\" decoding=\"async\" width=\"2351\" height=\"1568\" src=\"http:\/\/club-der-hundefreunde-achim.de\/cms\/wp-content\/uploads\/2022\/03\/MaxiHoopers_01-edited.png\" alt=\"\" class=\"wp-image-344\" srcset=\"https:\/\/www.club-der-hundefreunde-achim.de\/cms\/wp-content\/uploads\/2022\/03\/MaxiHoopers_01-edited.png 2351w, https:\/\/www.club-der-hundefreunde-achim.de\/cms\/wp-content\/uploads\/2022\/03\/MaxiHoopers_01-edited-300x200.png 300w, https:\/\/www.club-der-hundefreunde-achim.de\/cms\/wp-content\/uploads\/2022\/03\/MaxiHoopers_01-edited-1024x683.png 1024w, https:\/\/www.club-der-hundefreunde-achim.de\/cms\/wp-content\/uploads\/2022\/03\/MaxiHoopers_01-edited-768x512.png 768w, https:\/\/www.club-der-hundefreunde-achim.de\/cms\/wp-content\/uploads\/2022\/03\/MaxiHoopers_01-edited-1536x1024.png 1536w, https:\/\/www.club-der-hundefreunde-achim.de\/cms\/wp-content\/uploads\/2022\/03\/MaxiHoopers_01-edited-2048x1366.png 2048w, https:\/\/www.club-der-hundefreunde-achim.de\/cms\/wp-content\/uploads\/2022\/03\/MaxiHoopers_01-edited-1200x800.png 1200w, https:\/\/www.club-der-hundefreunde-achim.de\/cms\/wp-content\/uploads\/2022\/03\/MaxiHoopers_01-edited-1980x1321.png 1980w\" sizes=\"auto, (max-width: 2351px) 100vw, 2351px\" \/><\/a><\/figure>\n\n\n\n<h3 class=\"wp-block-heading\" id=\"agility\">Besch\u00e4ftigungskurse<\/h3>\n\n\n\n<p>Alle Kurse f\u00fcr gro\u00dfe und kleine erwachsene Hunde im \u00dcberblick<\/p>\n\n\n\n<div class=\"wp-block-button is-style-fill\"><a class=\"wp-block-button__link has-primary-background-color has-background wp-element-button\" href=\"https:\/\/www.club-der-hundefreunde-achim.de\/cms\/beschaeftigungskurse\/\">Weiterlesen<\/a><\/div>\n<\/div><\/div>\n<\/div>\n<\/div>\n\n\n\n<figure class=\"wp-block-image alignfull size-large\"><img loading=\"lazy\" decoding=\"async\" width=\"1024\" height=\"683\" src=\"http:\/\/www.club-der-hundefreunde-achim.de\/cms\/wp-content\/uploads\/2022\/02\/DSC_0147-1024x683.jpg\" alt=\"\" class=\"wp-image-186\" srcset=\"https:\/\/www.club-der-hundefreunde-achim.de\/cms\/wp-content\/uploads\/2022\/02\/DSC_0147-1024x683.jpg 1024w, https:\/\/www.club-der-hundefreunde-achim.de\/cms\/wp-content\/uploads\/2022\/02\/DSC_0147-300x200.jpg 300w, https:\/\/www.club-der-hundefreunde-achim.de\/cms\/wp-content\/uploads\/2022\/02\/DSC_0147-768x512.jpg 768w, https:\/\/www.club-der-hundefreunde-achim.de\/cms\/wp-content\/uploads\/2022\/02\/DSC_0147-1536x1024.jpg 1536w, https:\/\/www.club-der-hundefreunde-achim.de\/cms\/wp-content\/uploads\/2022\/02\/DSC_0147-2048x1365.jpg 2048w, https:\/\/www.club-der-hundefreunde-achim.de\/cms\/wp-content\/uploads\/2022\/02\/DSC_0147-1200x800.jpg 1200w, https:\/\/www.club-der-hundefreunde-achim.de\/cms\/wp-content\/uploads\/2022\/02\/DSC_0147-1980x1320.jpg 1980w\" sizes=\"auto, (max-width: 1024px) 100vw, 1024px\" \/><\/figure>\n\n\n\n<figure class=\"wp-block-video alignfull\"><video height=\"1080\" style=\"aspect-ratio: 1920 \/ 1080;\" width=\"1920\" autoplay controls loop muted src=\"http:\/\/club-der-hundefreunde-achim.de\/cms\/wp-content\/uploads\/2022\/02\/IMG_4268.mov\" playsinline><\/video><\/figure>\n\n\n\n<div class=\"wp-block-group alignwide has-primary-color has-text-color\"><div class=\"wp-block-group__inner-container is-layout-flow wp-block-group-is-layout-flow\">\n<h3 class=\"wp-block-heading has-text-align-center has-primary-color has-text-color\" id=\"welche-moglichkeiten-haben-wir-haben-tiere-eigentlich-die-gleichen-gefuhle-wie-wir-menschen-tun-wir-tieren-nicht-standig-unrecht-in-dem-wir-ihnen-menschliche-eigenschaften-empfindungen-und-absichten-zuschreiben\">\u201eWelche M\u00f6glichkeiten haben wir? Haben Tiere eigentlich die gleichen Gef\u00fchle wie wir Menschen? Tun wir Tieren nicht st\u00e4ndig unrecht, in dem wir ihnen menschliche Eigenschaften, Empfindungen und Absichten zuschreiben?&nbsp;\u201c<\/h3>\n<\/div><\/div>\n\n\n\n<p class=\"has-drop-cap has-background-color has-primary-background-color has-text-color has-background\">Lars Svendsen, der norwegische Philosoph und Bestsellerautor, stellt sich in seinem neuen Buch auf philosophischen Wegen den bekannten Fragen vieler Tierfreunde&#8230;<\/p>\n\n\n\n<p>Wir stellen uns die Frage nicht philosophisch, sondern handeln bewusst und mit viel Liebe und Leidenschaft an einer aktiven Hunde-Mensch-Beziehung&#8230;<\/p>\n\n\n\n<p><\/p>\n\n\n\n<div class=\"wp-block-group alignwide\"><div class=\"wp-block-group__inner-container is-layout-flow wp-block-group-is-layout-flow\">\n<div class=\"wp-block-group\"><div class=\"wp-block-group__inner-container is-layout-flow wp-block-group-is-layout-flow\">\n<div class=\"wp-block-group alignwide\"><div class=\"wp-block-group__inner-container is-layout-flow wp-block-group-is-layout-flow\">\n<div class=\"wp-block-group alignfull\"><div class=\"wp-block-group__inner-container is-layout-flow wp-block-group-is-layout-flow\">\n<h2 class=\"wp-block-heading has-text-align-center\" id=\"werde-mitglied-und-hab-spass-an-unseren-kursen\">Werde Mitglied und hab&#8216; Spa\u00df an unseren Kursen!<\/h2>\n\n\n\n<div class=\"wp-block-buttons alignwide is-layout-flex wp-block-buttons-is-layout-flex\">\n<div class=\"wp-block-button is-style-fill aligncenter\"><a class=\"wp-block-button__link has-primary-background-color has-background wp-element-button\" href=\"http:\/\/club-der-hundefreunde-achim.de\/cms\/aufnahmeantrag\/\">jetzt Mitglied werden<\/a><\/div>\n<\/div>\n<\/div><\/div>\n<\/div><\/div>\n<\/div><\/div>\n<\/div><\/div>\n\n\n\n<figure class=\"wp-block-video alignwide\"><video height=\"720\" style=\"aspect-ratio: 1280 \/ 720;\" width=\"1280\" autoplay controls loop muted src=\"http:\/\/www.club-der-hundefreunde-achim.de\/cms\/wp-content\/uploads\/2023\/08\/VID_20230521_132756.mp4\" playsinline><\/video><\/figure>\n\n\n\n<figure class=\"wp-block-gallery alignwide has-nested-images columns-default is-cropped wp-block-gallery-1 is-layout-flex wp-block-gallery-is-layout-flex\">\n<figure class=\"wp-block-image size-large\"><img loading=\"lazy\" decoding=\"async\" width=\"1024\" height=\"683\" data-id=\"185\" src=\"http:\/\/club-der-hundefreunde-achim.de\/cms\/wp-content\/uploads\/2022\/02\/DSC_0133-1024x683.jpg\" alt=\"\" class=\"wp-image-185\" srcset=\"https:\/\/www.club-der-hundefreunde-achim.de\/cms\/wp-content\/uploads\/2022\/02\/DSC_0133-1024x683.jpg 1024w, https:\/\/www.club-der-hundefreunde-achim.de\/cms\/wp-content\/uploads\/2022\/02\/DSC_0133-300x200.jpg 300w, https:\/\/www.club-der-hundefreunde-achim.de\/cms\/wp-content\/uploads\/2022\/02\/DSC_0133-768x512.jpg 768w, https:\/\/www.club-der-hundefreunde-achim.de\/cms\/wp-content\/uploads\/2022\/02\/DSC_0133-1536x1024.jpg 1536w, https:\/\/www.club-der-hundefreunde-achim.de\/cms\/wp-content\/uploads\/2022\/02\/DSC_0133-2048x1365.jpg 2048w, https:\/\/www.club-der-hundefreunde-achim.de\/cms\/wp-content\/uploads\/2022\/02\/DSC_0133-1200x800.jpg 1200w, https:\/\/www.club-der-hundefreunde-achim.de\/cms\/wp-content\/uploads\/2022\/02\/DSC_0133-1980x1320.jpg 1980w\" sizes=\"auto, (max-width: 1024px) 100vw, 1024px\" \/><\/figure>\n\n\n\n<figure class=\"wp-block-image size-large\"><img loading=\"lazy\" decoding=\"async\" width=\"1024\" height=\"726\" data-id=\"178\" src=\"http:\/\/club-der-hundefreunde-achim.de\/cms\/wp-content\/uploads\/2022\/02\/HappyDogs_01-1024x726.png\" alt=\"\" class=\"wp-image-178\" srcset=\"https:\/\/www.club-der-hundefreunde-achim.de\/cms\/wp-content\/uploads\/2022\/02\/HappyDogs_01-1024x726.png 1024w, https:\/\/www.club-der-hundefreunde-achim.de\/cms\/wp-content\/uploads\/2022\/02\/HappyDogs_01-300x213.png 300w, https:\/\/www.club-der-hundefreunde-achim.de\/cms\/wp-content\/uploads\/2022\/02\/HappyDogs_01-768x545.png 768w, https:\/\/www.club-der-hundefreunde-achim.de\/cms\/wp-content\/uploads\/2022\/02\/HappyDogs_01-1536x1090.png 1536w, https:\/\/www.club-der-hundefreunde-achim.de\/cms\/wp-content\/uploads\/2022\/02\/HappyDogs_01-2048x1453.png 2048w, https:\/\/www.club-der-hundefreunde-achim.de\/cms\/wp-content\/uploads\/2022\/02\/HappyDogs_01-1200x851.png 1200w, https:\/\/www.club-der-hundefreunde-achim.de\/cms\/wp-content\/uploads\/2022\/02\/HappyDogs_01-1980x1405.png 1980w\" sizes=\"auto, (max-width: 1024px) 100vw, 1024px\" \/><\/figure>\n<\/figure>\n\n\n<ul class=\"wp-block-latest-posts__list wp-block-latest-posts\"><li><a class=\"wp-block-latest-posts__post-title\" href=\"https:\/\/www.club-der-hundefreunde-achim.de\/cms\/platzpflege\/\">Platzpflege<\/a><\/li>\n<li><a class=\"wp-block-latest-posts__post-title\" href=\"https:\/\/www.club-der-hundefreunde-achim.de\/cms\/vereinsjubilaeum\/\">Unser Vereinsjubil\u00e4um<\/a><\/li>\n<\/ul>","protected":false},"excerpt":{"rendered":"<p>Euer Treffpunkt f\u00fcr Welpentraining, Junghundetraining, Gruppentraining, Agility, Spa\u00df und Spiel &#8230;&#8211; T\u00e4glich Kurse &#8211; Welpentraining Wird derzeit leider nicht angeboten &#8211; informiert Euch aber gerne &#8230; Erziehungskurse Alle Kurse f\u00fcr erwachsene Hunde im \u00dcberblick Junghundetraining Wird derzeit leider nicht angeboten &#8211; informiert Euch aber gerne &#8230; Besch\u00e4ftigungskurse Alle Kurse f\u00fcr gro\u00dfe und kleine erwachsene Hunde [&hellip;]<\/p>\n","protected":false},"author":1,"featured_media":0,"parent":0,"menu_order":0,"comment_status":"closed","ping_status":"closed","template":"","meta":{"footnotes":""},"class_list":["post-11","page","type-page","status-publish","hentry"],"yoast_head":"<!-- This site is optimized with the Yoast SEO plugin v26.3 - https:\/\/yoast.com\/wordpress\/plugins\/seo\/ -->\n<title>Fellnasen willkommen! Club der Hundefreunde - club-der-hundefreunde-achim.de<\/title>\n<meta name=\"robots\" content=\"index, follow, max-snippet:-1, max-image-preview:large, max-video-preview:-1\" \/>\n<link rel=\"canonical\" href=\"https:\/\/www.club-der-hundefreunde-achim.de\/cms\/\" \/>\n<meta property=\"og:locale\" content=\"de_DE\" \/>\n<meta property=\"og:type\" content=\"article\" \/>\n<meta property=\"og:title\" content=\"Fellnasen willkommen! Club der Hundefreunde - club-der-hundefreunde-achim.de\" \/>\n<meta property=\"og:description\" content=\"Euer Treffpunkt f\u00fcr Welpentraining, Junghundetraining, Gruppentraining, Agility, Spa\u00df und Spiel &#8230;&#8211; T\u00e4glich Kurse &#8211; Welpentraining Wird derzeit leider nicht angeboten &#8211; informiert Euch aber gerne &#8230; Erziehungskurse Alle Kurse f\u00fcr erwachsene Hunde im \u00dcberblick Junghundetraining Wird derzeit leider nicht angeboten &#8211; informiert Euch aber gerne &#8230; Besch\u00e4ftigungskurse Alle Kurse f\u00fcr gro\u00dfe und kleine erwachsene Hunde [&hellip;]\" \/>\n<meta property=\"og:url\" content=\"https:\/\/www.club-der-hundefreunde-achim.de\/cms\/\" \/>\n<meta property=\"og:site_name\" content=\"club-der-hundefreunde-achim.de\" \/>\n<meta property=\"article:modified_time\" content=\"2023-11-19T18:20:27+00:00\" \/>\n<meta property=\"og:image\" content=\"http:\/\/club-der-hundefreunde-achim.de\/cms\/wp-content\/uploads\/2022\/02\/Minis_01-1024x683.png\" \/>\n<meta name=\"twitter:card\" content=\"summary_large_image\" \/>\n<meta name=\"twitter:label1\" content=\"Gesch\u00e4tzte Lesezeit\" \/>\n\t<meta name=\"twitter:data1\" content=\"3\u00a0Minuten\" \/>\n<script type=\"application\/ld+json\" class=\"yoast-schema-graph\">{\"@context\":\"https:\/\/schema.org\",\"@graph\":[{\"@type\":\"WebPage\",\"@id\":\"https:\/\/www.club-der-hundefreunde-achim.de\/cms\/\",\"url\":\"https:\/\/www.club-der-hundefreunde-achim.de\/cms\/\",\"name\":\"Fellnasen willkommen! Club der Hundefreunde - club-der-hundefreunde-achim.de\",\"isPartOf\":{\"@id\":\"https:\/\/www.club-der-hundefreunde-achim.de\/cms\/#website\"},\"primaryImageOfPage\":{\"@id\":\"https:\/\/www.club-der-hundefreunde-achim.de\/cms\/#primaryimage\"},\"image\":{\"@id\":\"https:\/\/www.club-der-hundefreunde-achim.de\/cms\/#primaryimage\"},\"thumbnailUrl\":\"http:\/\/club-der-hundefreunde-achim.de\/cms\/wp-content\/uploads\/2022\/02\/Minis_01-1024x683.png\",\"datePublished\":\"2022-01-27T21:27:19+00:00\",\"dateModified\":\"2023-11-19T18:20:27+00:00\",\"breadcrumb\":{\"@id\":\"https:\/\/www.club-der-hundefreunde-achim.de\/cms\/#breadcrumb\"},\"inLanguage\":\"de\",\"potentialAction\":[{\"@type\":\"ReadAction\",\"target\":[\"https:\/\/www.club-der-hundefreunde-achim.de\/cms\/\"]}]},{\"@type\":\"ImageObject\",\"inLanguage\":\"de\",\"@id\":\"https:\/\/www.club-der-hundefreunde-achim.de\/cms\/#primaryimage\",\"url\":\"http:\/\/club-der-hundefreunde-achim.de\/cms\/wp-content\/uploads\/2022\/02\/Minis_01-1024x683.png\",\"contentUrl\":\"http:\/\/club-der-hundefreunde-achim.de\/cms\/wp-content\/uploads\/2022\/02\/Minis_01-1024x683.png\"},{\"@type\":\"BreadcrumbList\",\"@id\":\"https:\/\/www.club-der-hundefreunde-achim.de\/cms\/#breadcrumb\",\"itemListElement\":[{\"@type\":\"ListItem\",\"position\":1,\"name\":\"Startseite\",\"item\":\"https:\/\/www.club-der-hundefreunde-achim.de\/cms\/\"},{\"@type\":\"ListItem\",\"position\":2,\"name\":\"Fellnasen willkommen! Club der Hundefreunde\"}]},{\"@type\":\"WebSite\",\"@id\":\"https:\/\/www.club-der-hundefreunde-achim.de\/cms\/#website\",\"url\":\"https:\/\/www.club-der-hundefreunde-achim.de\/cms\/\",\"name\":\"club-der-hundefreunde-achim.de\",\"description\":\"Club der Hundefreunde e.V.\",\"publisher\":{\"@id\":\"https:\/\/www.club-der-hundefreunde-achim.de\/cms\/#organization\"},\"potentialAction\":[{\"@type\":\"SearchAction\",\"target\":{\"@type\":\"EntryPoint\",\"urlTemplate\":\"https:\/\/www.club-der-hundefreunde-achim.de\/cms\/?s={search_term_string}\"},\"query-input\":{\"@type\":\"PropertyValueSpecification\",\"valueRequired\":true,\"valueName\":\"search_term_string\"}}],\"inLanguage\":\"de\"},{\"@type\":\"Organization\",\"@id\":\"https:\/\/www.club-der-hundefreunde-achim.de\/cms\/#organization\",\"name\":\"club-der-hundefreunde-achim.de\",\"url\":\"https:\/\/www.club-der-hundefreunde-achim.de\/cms\/\",\"logo\":{\"@type\":\"ImageObject\",\"inLanguage\":\"de\",\"@id\":\"https:\/\/www.club-der-hundefreunde-achim.de\/cms\/#\/schema\/logo\/image\/\",\"url\":\"https:\/\/www.club-der-hundefreunde-achim.de\/cms\/wp-content\/uploads\/2022\/01\/cropped-CdH-Logo.gif\",\"contentUrl\":\"https:\/\/www.club-der-hundefreunde-achim.de\/cms\/wp-content\/uploads\/2022\/01\/cropped-CdH-Logo.gif\",\"width\":1260,\"height\":946,\"caption\":\"club-der-hundefreunde-achim.de\"},\"image\":{\"@id\":\"https:\/\/www.club-der-hundefreunde-achim.de\/cms\/#\/schema\/logo\/image\/\"}}]}<\/script>\n<!-- \/ Yoast SEO plugin. -->","yoast_head_json":{"title":"Fellnasen willkommen! Club der Hundefreunde - club-der-hundefreunde-achim.de","robots":{"index":"index","follow":"follow","max-snippet":"max-snippet:-1","max-image-preview":"max-image-preview:large","max-video-preview":"max-video-preview:-1"},"canonical":"https:\/\/www.club-der-hundefreunde-achim.de\/cms\/","og_locale":"de_DE","og_type":"article","og_title":"Fellnasen willkommen! Club der Hundefreunde - club-der-hundefreunde-achim.de","og_description":"Euer Treffpunkt f\u00fcr Welpentraining, Junghundetraining, Gruppentraining, Agility, Spa\u00df und Spiel &#8230;&#8211; T\u00e4glich Kurse &#8211; Welpentraining Wird derzeit leider nicht angeboten &#8211; informiert Euch aber gerne &#8230; Erziehungskurse Alle Kurse f\u00fcr erwachsene Hunde im \u00dcberblick Junghundetraining Wird derzeit leider nicht angeboten &#8211; informiert Euch aber gerne &#8230; Besch\u00e4ftigungskurse Alle Kurse f\u00fcr gro\u00dfe und kleine erwachsene Hunde [&hellip;]","og_url":"https:\/\/www.club-der-hundefreunde-achim.de\/cms\/","og_site_name":"club-der-hundefreunde-achim.de","article_modified_time":"2023-11-19T18:20:27+00:00","og_image":[{"url":"http:\/\/club-der-hundefreunde-achim.de\/cms\/wp-content\/uploads\/2022\/02\/Minis_01-1024x683.png","type":"","width":"","height":""}],"twitter_card":"summary_large_image","twitter_misc":{"Gesch\u00e4tzte Lesezeit":"3\u00a0Minuten"},"schema":{"@context":"https:\/\/schema.org","@graph":[{"@type":"WebPage","@id":"https:\/\/www.club-der-hundefreunde-achim.de\/cms\/","url":"https:\/\/www.club-der-hundefreunde-achim.de\/cms\/","name":"Fellnasen willkommen! Club der Hundefreunde - club-der-hundefreunde-achim.de","isPartOf":{"@id":"https:\/\/www.club-der-hundefreunde-achim.de\/cms\/#website"},"primaryImageOfPage":{"@id":"https:\/\/www.club-der-hundefreunde-achim.de\/cms\/#primaryimage"},"image":{"@id":"https:\/\/www.club-der-hundefreunde-achim.de\/cms\/#primaryimage"},"thumbnailUrl":"http:\/\/club-der-hundefreunde-achim.de\/cms\/wp-content\/uploads\/2022\/02\/Minis_01-1024x683.png","datePublished":"2022-01-27T21:27:19+00:00","dateModified":"2023-11-19T18:20:27+00:00","breadcrumb":{"@id":"https:\/\/www.club-der-hundefreunde-achim.de\/cms\/#breadcrumb"},"inLanguage":"de","potentialAction":[{"@type":"ReadAction","target":["https:\/\/www.club-der-hundefreunde-achim.de\/cms\/"]}]},{"@type":"ImageObject","inLanguage":"de","@id":"https:\/\/www.club-der-hundefreunde-achim.de\/cms\/#primaryimage","url":"http:\/\/club-der-hundefreunde-achim.de\/cms\/wp-content\/uploads\/2022\/02\/Minis_01-1024x683.png","contentUrl":"http:\/\/club-der-hundefreunde-achim.de\/cms\/wp-content\/uploads\/2022\/02\/Minis_01-1024x683.png"},{"@type":"BreadcrumbList","@id":"https:\/\/www.club-der-hundefreunde-achim.de\/cms\/#breadcrumb","itemListElement":[{"@type":"ListItem","position":1,"name":"Startseite","item":"https:\/\/www.club-der-hundefreunde-achim.de\/cms\/"},{"@type":"ListItem","position":2,"name":"Fellnasen willkommen! Club der Hundefreunde"}]},{"@type":"WebSite","@id":"https:\/\/www.club-der-hundefreunde-achim.de\/cms\/#website","url":"https:\/\/www.club-der-hundefreunde-achim.de\/cms\/","name":"club-der-hundefreunde-achim.de","description":"Club der Hundefreunde e.V.","publisher":{"@id":"https:\/\/www.club-der-hundefreunde-achim.de\/cms\/#organization"},"potentialAction":[{"@type":"SearchAction","target":{"@type":"EntryPoint","urlTemplate":"https:\/\/www.club-der-hundefreunde-achim.de\/cms\/?s={search_term_string}"},"query-input":{"@type":"PropertyValueSpecification","valueRequired":true,"valueName":"search_term_string"}}],"inLanguage":"de"},{"@type":"Organization","@id":"https:\/\/www.club-der-hundefreunde-achim.de\/cms\/#organization","name":"club-der-hundefreunde-achim.de","url":"https:\/\/www.club-der-hundefreunde-achim.de\/cms\/","logo":{"@type":"ImageObject","inLanguage":"de","@id":"https:\/\/www.club-der-hundefreunde-achim.de\/cms\/#\/schema\/logo\/image\/","url":"https:\/\/www.club-der-hundefreunde-achim.de\/cms\/wp-content\/uploads\/2022\/01\/cropped-CdH-Logo.gif","contentUrl":"https:\/\/www.club-der-hundefreunde-achim.de\/cms\/wp-content\/uploads\/2022\/01\/cropped-CdH-Logo.gif","width":1260,"height":946,"caption":"club-der-hundefreunde-achim.de"},"image":{"@id":"https:\/\/www.club-der-hundefreunde-achim.de\/cms\/#\/schema\/logo\/image\/"}}]}},"_links":{"self":[{"href":"https:\/\/www.club-der-hundefreunde-achim.de\/cms\/wp-json\/wp\/v2\/pages\/11","targetHints":{"allow":["GET"]}}],"collection":[{"href":"https:\/\/www.club-der-hundefreunde-achim.de\/cms\/wp-json\/wp\/v2\/pages"}],"about":[{"href":"https:\/\/www.club-der-hundefreunde-achim.de\/cms\/wp-json\/wp\/v2\/types\/page"}],"author":[{"embeddable":true,"href":"https:\/\/www.club-der-hundefreunde-achim.de\/cms\/wp-json\/wp\/v2\/users\/1"}],"replies":[{"embeddable":true,"href":"https:\/\/www.club-der-hundefreunde-achim.de\/cms\/wp-json\/wp\/v2\/comments?post=11"}],"version-history":[{"count":9,"href":"https:\/\/www.club-der-hundefreunde-achim.de\/cms\/wp-json\/wp\/v2\/pages\/11\/revisions"}],"predecessor-version":[{"id":816,"href":"https:\/\/www.club-der-hundefreunde-achim.de\/cms\/wp-json\/wp\/v2\/pages\/11\/revisions\/816"}],"wp:attachment":[{"href":"https:\/\/www.club-der-hundefreunde-achim.de\/cms\/wp-json\/wp\/v2\/media?parent=11"}],"curies":[{"name":"wp","href":"https:\/\/api.w.org\/{rel}","templated":true}]}}