{"id":153,"date":"2022-02-08T22:52:39","date_gmt":"2022-02-08T21:52:39","guid":{"rendered":"http:\/\/club-der-hundefreunde-achim.de\/?page_id=153"},"modified":"2023-10-22T11:53:04","modified_gmt":"2023-10-22T09:53:04","slug":"welpentraining","status":"publish","type":"page","link":"https:\/\/www.club-der-hundefreunde-achim.de\/cms\/welpentraining\/","title":{"rendered":"Kurs: Welpentraining"},"content":{"rendered":"\n<div class=\"wp-block-group has-primary-color has-background-background-color has-text-color has-background\"><div class=\"wp-block-group__inner-container is-layout-flow wp-block-group-is-layout-flow\">\n<div class=\"wp-block-group has-primary-color has-background-background-color has-text-color has-background\"><div class=\"wp-block-group__inner-container is-layout-flow wp-block-group-is-layout-flow\">\n<div class=\"wp-block-group has-primary-background-color has-background\"><div class=\"wp-block-group__inner-container is-layout-flow wp-block-group-is-layout-flow\">\n<p>Das Welpentraining ist <strong>kein Spieletreff<\/strong>. <\/p>\n\n\n\n<p>Hier gibt es viele Informationen zur Entwicklung des Welpen, Lernverhaltens und zum Umgang mit Welpen.&nbsp;<\/p>\n\n\n\n<p>Die <strong>Grundkommandos Sitz, Platz, Bleib, Hier, Nein und Fu\u00df<\/strong> werden spielerisch einge\u00fcbt und bilden die Basis f\u00fcr die anschlie\u00dfenden Junghundestunden.&nbsp;<\/p>\n\n\n\n<p>Maximal sechs Welpen bilden eine Gruppe. Die Einteilung erfolgt in <strong>gro\u00df- und kleinw\u00fcchsige Hunde<\/strong>.<\/p>\n<\/div><\/div>\n\n\n\n<blockquote class=\"wp-block-quote is-layout-flow wp-block-quote-is-layout-flow\">\n<p><strong><strong>\u00dcbungsleiter|in<\/strong>: <\/strong><br>&#8211; <em>Derzeit unbesetzt<\/em> &#8211;<\/p>\n\n\n\n<p><strong>Termin: <\/strong> <br><em>&#8211; Derzeit leider nicht im Angebot &#8211;<\/em><\/p>\n\n\n\n<p><strong>Ort: <\/strong>Vereinsgel\u00e4nde Welpenplatz<\/p>\n<\/blockquote>\n\n\n\n<p><\/p>\n<\/div><\/div>\n<\/div><\/div>\n\n\n\n<div class=\"wp-block-buttons is-layout-flex wp-block-buttons-is-layout-flex\">\n<div class=\"wp-block-button\"><a class=\"wp-block-button__link has-primary-background-color has-background wp-element-button\" href=\"https:\/\/www.club-der-hundefreunde-achim.de\/cms\/download-kursuebersicht\/\">DOWNLOAD KURSPLAN \/ PDF <\/a><\/div>\n<\/div>\n\n\n\n<div class=\"wp-block-buttons is-layout-flex wp-block-buttons-is-layout-flex\">\n<div class=\"wp-block-button is-style-fill\"><a class=\"wp-block-button__link has-primary-color has-accent-background-color has-text-color has-background wp-element-button\" href=\"http:\/\/club-der-hundefreunde-achim.de\/cms\/\">zur\u00fcck<\/a><\/div>\n<\/div>\n","protected":false},"excerpt":{"rendered":"<p>Das Welpentraining ist kein Spieletreff. Hier gibt es viele Informationen zur Entwicklung des Welpen, Lernverhaltens und zum Umgang mit Welpen.&nbsp; Die Grundkommandos Sitz, Platz, Bleib, Hier, Nein und Fu\u00df werden spielerisch einge\u00fcbt und bilden die Basis f\u00fcr die anschlie\u00dfenden Junghundestunden.&nbsp; Maximal sechs Welpen bilden eine Gruppe. Die Einteilung erfolgt in gro\u00df- und kleinw\u00fcchsige Hunde. \u00dcbungsleiter|in: [&hellip;]<\/p>\n","protected":false},"author":1,"featured_media":0,"parent":0,"menu_order":0,"comment_status":"closed","ping_status":"closed","template":"","meta":{"footnotes":""},"class_list":["post-153","page","type-page","status-publish","hentry"],"yoast_head":"<!-- This site is optimized with the Yoast SEO plugin v26.3 - https:\/\/yoast.com\/wordpress\/plugins\/seo\/ -->\n<title>Kurs: Welpentraining - club-der-hundefreunde-achim.de<\/title>\n<meta name=\"robots\" content=\"index, follow, max-snippet:-1, max-image-preview:large, max-video-preview:-1\" \/>\n<link rel=\"canonical\" href=\"https:\/\/www.club-der-hundefreunde-achim.de\/cms\/welpentraining\/\" \/>\n<meta property=\"og:locale\" content=\"de_DE\" \/>\n<meta property=\"og:type\" content=\"article\" \/>\n<meta property=\"og:title\" content=\"Kurs: Welpentraining - club-der-hundefreunde-achim.de\" \/>\n<meta property=\"og:description\" content=\"Das Welpentraining ist kein Spieletreff. Hier gibt es viele Informationen zur Entwicklung des Welpen, Lernverhaltens und zum Umgang mit Welpen.&nbsp; Die Grundkommandos Sitz, Platz, Bleib, Hier, Nein und Fu\u00df werden spielerisch einge\u00fcbt und bilden die Basis f\u00fcr die anschlie\u00dfenden Junghundestunden.&nbsp; Maximal sechs Welpen bilden eine Gruppe. Die Einteilung erfolgt in gro\u00df- und kleinw\u00fcchsige Hunde. \u00dcbungsleiter|in: [&hellip;]\" \/>\n<meta property=\"og:url\" content=\"https:\/\/www.club-der-hundefreunde-achim.de\/cms\/welpentraining\/\" \/>\n<meta property=\"og:site_name\" content=\"club-der-hundefreunde-achim.de\" \/>\n<meta property=\"article:modified_time\" content=\"2023-10-22T09:53:04+00:00\" \/>\n<meta name=\"twitter:card\" content=\"summary_large_image\" \/>\n<meta name=\"twitter:label1\" content=\"Gesch\u00e4tzte Lesezeit\" \/>\n\t<meta name=\"twitter:data1\" content=\"1\u00a0Minute\" \/>\n<script type=\"application\/ld+json\" class=\"yoast-schema-graph\">{\"@context\":\"https:\/\/schema.org\",\"@graph\":[{\"@type\":\"WebPage\",\"@id\":\"https:\/\/www.club-der-hundefreunde-achim.de\/cms\/welpentraining\/\",\"url\":\"https:\/\/www.club-der-hundefreunde-achim.de\/cms\/welpentraining\/\",\"name\":\"Kurs: Welpentraining - club-der-hundefreunde-achim.de\",\"isPartOf\":{\"@id\":\"https:\/\/www.club-der-hundefreunde-achim.de\/cms\/#website\"},\"datePublished\":\"2022-02-08T21:52:39+00:00\",\"dateModified\":\"2023-10-22T09:53:04+00:00\",\"breadcrumb\":{\"@id\":\"https:\/\/www.club-der-hundefreunde-achim.de\/cms\/welpentraining\/#breadcrumb\"},\"inLanguage\":\"de\",\"potentialAction\":[{\"@type\":\"ReadAction\",\"target\":[\"https:\/\/www.club-der-hundefreunde-achim.de\/cms\/welpentraining\/\"]}]},{\"@type\":\"BreadcrumbList\",\"@id\":\"https:\/\/www.club-der-hundefreunde-achim.de\/cms\/welpentraining\/#breadcrumb\",\"itemListElement\":[{\"@type\":\"ListItem\",\"position\":1,\"name\":\"Startseite\",\"item\":\"https:\/\/www.club-der-hundefreunde-achim.de\/cms\/\"},{\"@type\":\"ListItem\",\"position\":2,\"name\":\"Kurs: Welpentraining\"}]},{\"@type\":\"WebSite\",\"@id\":\"https:\/\/www.club-der-hundefreunde-achim.de\/cms\/#website\",\"url\":\"https:\/\/www.club-der-hundefreunde-achim.de\/cms\/\",\"name\":\"club-der-hundefreunde-achim.de\",\"description\":\"Club der Hundefreunde e.V.\",\"publisher\":{\"@id\":\"https:\/\/www.club-der-hundefreunde-achim.de\/cms\/#organization\"},\"potentialAction\":[{\"@type\":\"SearchAction\",\"target\":{\"@type\":\"EntryPoint\",\"urlTemplate\":\"https:\/\/www.club-der-hundefreunde-achim.de\/cms\/?s={search_term_string}\"},\"query-input\":{\"@type\":\"PropertyValueSpecification\",\"valueRequired\":true,\"valueName\":\"search_term_string\"}}],\"inLanguage\":\"de\"},{\"@type\":\"Organization\",\"@id\":\"https:\/\/www.club-der-hundefreunde-achim.de\/cms\/#organization\",\"name\":\"club-der-hundefreunde-achim.de\",\"url\":\"https:\/\/www.club-der-hundefreunde-achim.de\/cms\/\",\"logo\":{\"@type\":\"ImageObject\",\"inLanguage\":\"de\",\"@id\":\"https:\/\/www.club-der-hundefreunde-achim.de\/cms\/#\/schema\/logo\/image\/\",\"url\":\"https:\/\/www.club-der-hundefreunde-achim.de\/cms\/wp-content\/uploads\/2022\/01\/cropped-CdH-Logo.gif\",\"contentUrl\":\"https:\/\/www.club-der-hundefreunde-achim.de\/cms\/wp-content\/uploads\/2022\/01\/cropped-CdH-Logo.gif\",\"width\":1260,\"height\":946,\"caption\":\"club-der-hundefreunde-achim.de\"},\"image\":{\"@id\":\"https:\/\/www.club-der-hundefreunde-achim.de\/cms\/#\/schema\/logo\/image\/\"}}]}<\/script>\n<!-- \/ Yoast SEO plugin. -->","yoast_head_json":{"title":"Kurs: Welpentraining - club-der-hundefreunde-achim.de","robots":{"index":"index","follow":"follow","max-snippet":"max-snippet:-1","max-image-preview":"max-image-preview:large","max-video-preview":"max-video-preview:-1"},"canonical":"https:\/\/www.club-der-hundefreunde-achim.de\/cms\/welpentraining\/","og_locale":"de_DE","og_type":"article","og_title":"Kurs: Welpentraining - club-der-hundefreunde-achim.de","og_description":"Das Welpentraining ist kein Spieletreff. Hier gibt es viele Informationen zur Entwicklung des Welpen, Lernverhaltens und zum Umgang mit Welpen.&nbsp; Die Grundkommandos Sitz, Platz, Bleib, Hier, Nein und Fu\u00df werden spielerisch einge\u00fcbt und bilden die Basis f\u00fcr die anschlie\u00dfenden Junghundestunden.&nbsp; Maximal sechs Welpen bilden eine Gruppe. Die Einteilung erfolgt in gro\u00df- und kleinw\u00fcchsige Hunde. \u00dcbungsleiter|in: [&hellip;]","og_url":"https:\/\/www.club-der-hundefreunde-achim.de\/cms\/welpentraining\/","og_site_name":"club-der-hundefreunde-achim.de","article_modified_time":"2023-10-22T09:53:04+00:00","twitter_card":"summary_large_image","twitter_misc":{"Gesch\u00e4tzte Lesezeit":"1\u00a0Minute"},"schema":{"@context":"https:\/\/schema.org","@graph":[{"@type":"WebPage","@id":"https:\/\/www.club-der-hundefreunde-achim.de\/cms\/welpentraining\/","url":"https:\/\/www.club-der-hundefreunde-achim.de\/cms\/welpentraining\/","name":"Kurs: Welpentraining - club-der-hundefreunde-achim.de","isPartOf":{"@id":"https:\/\/www.club-der-hundefreunde-achim.de\/cms\/#website"},"datePublished":"2022-02-08T21:52:39+00:00","dateModified":"2023-10-22T09:53:04+00:00","breadcrumb":{"@id":"https:\/\/www.club-der-hundefreunde-achim.de\/cms\/welpentraining\/#breadcrumb"},"inLanguage":"de","potentialAction":[{"@type":"ReadAction","target":["https:\/\/www.club-der-hundefreunde-achim.de\/cms\/welpentraining\/"]}]},{"@type":"BreadcrumbList","@id":"https:\/\/www.club-der-hundefreunde-achim.de\/cms\/welpentraining\/#breadcrumb","itemListElement":[{"@type":"ListItem","position":1,"name":"Startseite","item":"https:\/\/www.club-der-hundefreunde-achim.de\/cms\/"},{"@type":"ListItem","position":2,"name":"Kurs: Welpentraining"}]},{"@type":"WebSite","@id":"https:\/\/www.club-der-hundefreunde-achim.de\/cms\/#website","url":"https:\/\/www.club-der-hundefreunde-achim.de\/cms\/","name":"club-der-hundefreunde-achim.de","description":"Club der Hundefreunde e.V.","publisher":{"@id":"https:\/\/www.club-der-hundefreunde-achim.de\/cms\/#organization"},"potentialAction":[{"@type":"SearchAction","target":{"@type":"EntryPoint","urlTemplate":"https:\/\/www.club-der-hundefreunde-achim.de\/cms\/?s={search_term_string}"},"query-input":{"@type":"PropertyValueSpecification","valueRequired":true,"valueName":"search_term_string"}}],"inLanguage":"de"},{"@type":"Organization","@id":"https:\/\/www.club-der-hundefreunde-achim.de\/cms\/#organization","name":"club-der-hundefreunde-achim.de","url":"https:\/\/www.club-der-hundefreunde-achim.de\/cms\/","logo":{"@type":"ImageObject","inLanguage":"de","@id":"https:\/\/www.club-der-hundefreunde-achim.de\/cms\/#\/schema\/logo\/image\/","url":"https:\/\/www.club-der-hundefreunde-achim.de\/cms\/wp-content\/uploads\/2022\/01\/cropped-CdH-Logo.gif","contentUrl":"https:\/\/www.club-der-hundefreunde-achim.de\/cms\/wp-content\/uploads\/2022\/01\/cropped-CdH-Logo.gif","width":1260,"height":946,"caption":"club-der-hundefreunde-achim.de"},"image":{"@id":"https:\/\/www.club-der-hundefreunde-achim.de\/cms\/#\/schema\/logo\/image\/"}}]}},"_links":{"self":[{"href":"https:\/\/www.club-der-hundefreunde-achim.de\/cms\/wp-json\/wp\/v2\/pages\/153","targetHints":{"allow":["GET"]}}],"collection":[{"href":"https:\/\/www.club-der-hundefreunde-achim.de\/cms\/wp-json\/wp\/v2\/pages"}],"about":[{"href":"https:\/\/www.club-der-hundefreunde-achim.de\/cms\/wp-json\/wp\/v2\/types\/page"}],"author":[{"embeddable":true,"href":"https:\/\/www.club-der-hundefreunde-achim.de\/cms\/wp-json\/wp\/v2\/users\/1"}],"replies":[{"embeddable":true,"href":"https:\/\/www.club-der-hundefreunde-achim.de\/cms\/wp-json\/wp\/v2\/comments?post=153"}],"version-history":[{"count":8,"href":"https:\/\/www.club-der-hundefreunde-achim.de\/cms\/wp-json\/wp\/v2\/pages\/153\/revisions"}],"predecessor-version":[{"id":788,"href":"https:\/\/www.club-der-hundefreunde-achim.de\/cms\/wp-json\/wp\/v2\/pages\/153\/revisions\/788"}],"wp:attachment":[{"href":"https:\/\/www.club-der-hundefreunde-achim.de\/cms\/wp-json\/wp\/v2\/media?parent=153"}],"curies":[{"name":"wp","href":"https:\/\/api.w.org\/{rel}","templated":true}]}}