{"id":415,"date":"2022-09-13T22:30:22","date_gmt":"2022-09-13T20:30:22","guid":{"rendered":"http:\/\/www.club-der-hundefreunde-achim.de\/cms\/?page_id=415"},"modified":"2025-05-25T11:37:56","modified_gmt":"2025-05-25T09:37:56","slug":"rally-obedience","status":"publish","type":"page","link":"https:\/\/www.club-der-hundefreunde-achim.de\/cms\/rally-obedience\/","title":{"rendered":"Kurs: Rally Obedience*"},"content":{"rendered":"\n<div class=\"wp-block-group has-background-background-color has-background\"><div class=\"wp-block-group__inner-container is-layout-flow wp-block-group-is-layout-flow\">\n<div class=\"wp-block-group\"><div class=\"wp-block-group__inner-container is-layout-flow wp-block-group-is-layout-flow\">\n<div class=\"wp-block-group\"><div class=\"wp-block-group__inner-container is-layout-flow wp-block-group-is-layout-flow\">\n<div class=\"wp-block-group\"><div class=\"wp-block-group__inner-container is-layout-flow wp-block-group-is-layout-flow\">\n<div class=\"wp-block-group\"><div class=\"wp-block-group__inner-container is-layout-flow wp-block-group-is-layout-flow\">\n<p class=\"has-primary-background-color has-background\">Frei&nbsp;\u00fcbersetzt&nbsp;bedeutet&nbsp;Rally&nbsp;Obedience<strong> sportliches Gehorsam<\/strong>.&nbsp;<\/p>\n\n\n\n<p class=\"has-primary-background-color has-background\">In unserem Kurs werden&nbsp;\u00dcbungen zum&nbsp;<strong>Erlernen&nbsp;des Grundgehorsams<\/strong>&nbsp;mit&nbsp;dem&nbsp;<strong>sportlichen&nbsp;Aspekt<\/strong>&nbsp;des z\u00fcgigen&nbsp;Laufens&nbsp;und&nbsp;der Wendigkeit&nbsp;und&nbsp;Genauigkeit&nbsp;<strong>beim&nbsp;Absolvieren&nbsp;eines&nbsp;Parcours verbunden<\/strong>.&nbsp;<br><br>Anders&nbsp;als&nbsp;beim&nbsp;klassischen&nbsp;Obedience&nbsp;wird&nbsp;die&nbsp;\u00dcbung&nbsp;nicht&nbsp;angesagt,&nbsp;sondern&nbsp;\u00e4hnlich&nbsp;einer Schnitzeljagd&nbsp;auf&nbsp;<strong>Schildern<\/strong>&nbsp;angezeigt und&nbsp;der&nbsp;Reihe noch&nbsp;abgearbeitet.&nbsp;Das&nbsp;jeweils gearbeitete&nbsp;Schild weist&nbsp;den&nbsp;Weg zur&nbsp;n\u00e4chsten&nbsp;Aufgabe.<br><br>Rally&nbsp;Obedience&nbsp;ist&nbsp;z. Zt.&nbsp;der&nbsp;einzige <strong>Turnier-Hundesport&nbsp;<\/strong>bei&nbsp;dem Loben und&nbsp;Belohnen&nbsp;ausdr\u00fccklich&nbsp;gew\u00fcnscht&nbsp;ist.<br><br>Es wird&nbsp;auf&nbsp;Handicaps von Hund&nbsp;und&nbsp;Halter&nbsp;eingegangen.<\/p>\n<\/div><\/div>\n\n\n\n<p class=\"has-primary-background-color has-background\"><strong>Voraussetzungen:&nbsp;<\/strong>Keine,&nbsp;<br>bei&nbsp;Turnieren&nbsp;muss&nbsp;der&nbsp;Hund&nbsp;mindestens&nbsp;15&nbsp;Monate&nbsp;sein\/<\/p>\n<\/div><\/div>\n<\/div><\/div>\n\n\n\n<blockquote class=\"wp-block-quote has-primary-color has-text-color is-layout-flow wp-block-quote-is-layout-flow\">\n<p><strong>\u00dcbungsleiter|in:&nbsp;<\/strong>Renate<\/p>\n\n\n\n<p><strong>Termin:&nbsp;<\/strong>Dienstag, 15.00 \u2013 16.30 Uhr<\/p>\n\n\n\n<p><strong>Ort:\u00a0<\/strong>Vereinsgel\u00e4nde Such-Platz (Platz 4)<\/p>\n\n\n\n<p><\/p>\n\n\n\n<p><strong>\u00dcbungsleiter|in:&nbsp;<\/strong>Jeannette<\/p>\n\n\n\n<p><strong>Termin:&nbsp;<\/strong>Freitag, 15.00 \u2013 16.30 Uhr<\/p>\n\n\n\n<p><strong>Ort:\u00a0<\/strong>Vereinsgel\u00e4nde Platz 2<br><\/p>\n<\/blockquote>\n<\/div><\/div>\n<\/div><\/div>\n\n\n\n<p class=\"has-small-font-size\">* Kurs mit Zusatzbeitrag<\/p>\n\n\n\n<div class=\"wp-block-buttons is-layout-flex wp-block-buttons-is-layout-flex\">\n<div class=\"wp-block-button\"><a class=\"wp-block-button__link has-primary-background-color has-background wp-element-button\" href=\"https:\/\/www.club-der-hundefreunde-achim.de\/cms\/download-kursuebersicht\/\">Download kursplan \/ pdf<\/a><\/div>\n<\/div>\n\n\n\n<div class=\"wp-block-buttons is-layout-flex wp-block-buttons-is-layout-flex\">\n<div class=\"wp-block-button\"><a class=\"wp-block-button__link wp-element-button\" href=\"http:\/\/www.club-der-hundefreunde-achim.de\/cms\/\">Zur\u00fcck<\/a><\/div>\n<\/div>\n","protected":false},"excerpt":{"rendered":"<p>Frei&nbsp;\u00fcbersetzt&nbsp;bedeutet&nbsp;Rally&nbsp;Obedience sportliches Gehorsam.&nbsp; In unserem Kurs werden&nbsp;\u00dcbungen zum&nbsp;Erlernen&nbsp;des Grundgehorsams&nbsp;mit&nbsp;dem&nbsp;sportlichen&nbsp;Aspekt&nbsp;des z\u00fcgigen&nbsp;Laufens&nbsp;und&nbsp;der Wendigkeit&nbsp;und&nbsp;Genauigkeit&nbsp;beim&nbsp;Absolvieren&nbsp;eines&nbsp;Parcours verbunden.&nbsp; Anders&nbsp;als&nbsp;beim&nbsp;klassischen&nbsp;Obedience&nbsp;wird&nbsp;die&nbsp;\u00dcbung&nbsp;nicht&nbsp;angesagt,&nbsp;sondern&nbsp;\u00e4hnlich&nbsp;einer Schnitzeljagd&nbsp;auf&nbsp;Schildern&nbsp;angezeigt und&nbsp;der&nbsp;Reihe noch&nbsp;abgearbeitet.&nbsp;Das&nbsp;jeweils gearbeitete&nbsp;Schild weist&nbsp;den&nbsp;Weg zur&nbsp;n\u00e4chsten&nbsp;Aufgabe. Rally&nbsp;Obedience&nbsp;ist&nbsp;z. Zt.&nbsp;der&nbsp;einzige Turnier-Hundesport&nbsp;bei&nbsp;dem Loben und&nbsp;Belohnen&nbsp;ausdr\u00fccklich&nbsp;gew\u00fcnscht&nbsp;ist. Es wird&nbsp;auf&nbsp;Handicaps von Hund&nbsp;und&nbsp;Halter&nbsp;eingegangen. Voraussetzungen:&nbsp;Keine,&nbsp;bei&nbsp;Turnieren&nbsp;muss&nbsp;der&nbsp;Hund&nbsp;mindestens&nbsp;15&nbsp;Monate&nbsp;sein\/ \u00dcbungsleiter|in:&nbsp;Renate Termin:&nbsp;Dienstag, 15.00 \u2013 16.30 Uhr Ort:\u00a0Vereinsgel\u00e4nde Such-Platz (Platz 4) \u00dcbungsleiter|in:&nbsp;Jeannette Termin:&nbsp;Freitag, 15.00 \u2013 16.30 Uhr Ort:\u00a0Vereinsgel\u00e4nde Platz 2 * Kurs mit Zusatzbeitrag<\/p>\n","protected":false},"author":1,"featured_media":0,"parent":0,"menu_order":0,"comment_status":"closed","ping_status":"closed","template":"","meta":{"footnotes":""},"class_list":["post-415","page","type-page","status-publish","hentry"],"yoast_head":"<!-- This site is optimized with the Yoast SEO plugin v26.3 - https:\/\/yoast.com\/wordpress\/plugins\/seo\/ -->\n<title>Kurs: Rally Obedience* - club-der-hundefreunde-achim.de<\/title>\n<meta name=\"robots\" content=\"index, follow, max-snippet:-1, max-image-preview:large, max-video-preview:-1\" \/>\n<link rel=\"canonical\" href=\"https:\/\/www.club-der-hundefreunde-achim.de\/cms\/rally-obedience\/\" \/>\n<meta property=\"og:locale\" content=\"de_DE\" \/>\n<meta property=\"og:type\" content=\"article\" \/>\n<meta property=\"og:title\" content=\"Kurs: Rally Obedience* - club-der-hundefreunde-achim.de\" \/>\n<meta property=\"og:description\" content=\"Frei&nbsp;\u00fcbersetzt&nbsp;bedeutet&nbsp;Rally&nbsp;Obedience sportliches Gehorsam.&nbsp; In unserem Kurs werden&nbsp;\u00dcbungen zum&nbsp;Erlernen&nbsp;des Grundgehorsams&nbsp;mit&nbsp;dem&nbsp;sportlichen&nbsp;Aspekt&nbsp;des z\u00fcgigen&nbsp;Laufens&nbsp;und&nbsp;der Wendigkeit&nbsp;und&nbsp;Genauigkeit&nbsp;beim&nbsp;Absolvieren&nbsp;eines&nbsp;Parcours verbunden.&nbsp; Anders&nbsp;als&nbsp;beim&nbsp;klassischen&nbsp;Obedience&nbsp;wird&nbsp;die&nbsp;\u00dcbung&nbsp;nicht&nbsp;angesagt,&nbsp;sondern&nbsp;\u00e4hnlich&nbsp;einer Schnitzeljagd&nbsp;auf&nbsp;Schildern&nbsp;angezeigt und&nbsp;der&nbsp;Reihe noch&nbsp;abgearbeitet.&nbsp;Das&nbsp;jeweils gearbeitete&nbsp;Schild weist&nbsp;den&nbsp;Weg zur&nbsp;n\u00e4chsten&nbsp;Aufgabe. Rally&nbsp;Obedience&nbsp;ist&nbsp;z. Zt.&nbsp;der&nbsp;einzige Turnier-Hundesport&nbsp;bei&nbsp;dem Loben und&nbsp;Belohnen&nbsp;ausdr\u00fccklich&nbsp;gew\u00fcnscht&nbsp;ist. Es wird&nbsp;auf&nbsp;Handicaps von Hund&nbsp;und&nbsp;Halter&nbsp;eingegangen. Voraussetzungen:&nbsp;Keine,&nbsp;bei&nbsp;Turnieren&nbsp;muss&nbsp;der&nbsp;Hund&nbsp;mindestens&nbsp;15&nbsp;Monate&nbsp;sein\/ \u00dcbungsleiter|in:&nbsp;Renate Termin:&nbsp;Dienstag, 15.00 \u2013 16.30 Uhr Ort:\u00a0Vereinsgel\u00e4nde Such-Platz (Platz 4) \u00dcbungsleiter|in:&nbsp;Jeannette Termin:&nbsp;Freitag, 15.00 \u2013 16.30 Uhr Ort:\u00a0Vereinsgel\u00e4nde Platz 2 * Kurs mit Zusatzbeitrag\" \/>\n<meta property=\"og:url\" content=\"https:\/\/www.club-der-hundefreunde-achim.de\/cms\/rally-obedience\/\" \/>\n<meta property=\"og:site_name\" content=\"club-der-hundefreunde-achim.de\" \/>\n<meta property=\"article:modified_time\" content=\"2025-05-25T09:37:56+00:00\" \/>\n<meta name=\"twitter:card\" content=\"summary_large_image\" \/>\n<meta name=\"twitter:label1\" content=\"Gesch\u00e4tzte Lesezeit\" \/>\n\t<meta name=\"twitter:data1\" content=\"1\u00a0Minute\" \/>\n<script type=\"application\/ld+json\" class=\"yoast-schema-graph\">{\"@context\":\"https:\/\/schema.org\",\"@graph\":[{\"@type\":\"WebPage\",\"@id\":\"https:\/\/www.club-der-hundefreunde-achim.de\/cms\/rally-obedience\/\",\"url\":\"https:\/\/www.club-der-hundefreunde-achim.de\/cms\/rally-obedience\/\",\"name\":\"Kurs: Rally Obedience* - club-der-hundefreunde-achim.de\",\"isPartOf\":{\"@id\":\"https:\/\/www.club-der-hundefreunde-achim.de\/cms\/#website\"},\"datePublished\":\"2022-09-13T20:30:22+00:00\",\"dateModified\":\"2025-05-25T09:37:56+00:00\",\"breadcrumb\":{\"@id\":\"https:\/\/www.club-der-hundefreunde-achim.de\/cms\/rally-obedience\/#breadcrumb\"},\"inLanguage\":\"de\",\"potentialAction\":[{\"@type\":\"ReadAction\",\"target\":[\"https:\/\/www.club-der-hundefreunde-achim.de\/cms\/rally-obedience\/\"]}]},{\"@type\":\"BreadcrumbList\",\"@id\":\"https:\/\/www.club-der-hundefreunde-achim.de\/cms\/rally-obedience\/#breadcrumb\",\"itemListElement\":[{\"@type\":\"ListItem\",\"position\":1,\"name\":\"Startseite\",\"item\":\"https:\/\/www.club-der-hundefreunde-achim.de\/cms\/\"},{\"@type\":\"ListItem\",\"position\":2,\"name\":\"Kurs: Rally Obedience*\"}]},{\"@type\":\"WebSite\",\"@id\":\"https:\/\/www.club-der-hundefreunde-achim.de\/cms\/#website\",\"url\":\"https:\/\/www.club-der-hundefreunde-achim.de\/cms\/\",\"name\":\"club-der-hundefreunde-achim.de\",\"description\":\"Club der Hundefreunde e.V.\",\"publisher\":{\"@id\":\"https:\/\/www.club-der-hundefreunde-achim.de\/cms\/#organization\"},\"potentialAction\":[{\"@type\":\"SearchAction\",\"target\":{\"@type\":\"EntryPoint\",\"urlTemplate\":\"https:\/\/www.club-der-hundefreunde-achim.de\/cms\/?s={search_term_string}\"},\"query-input\":{\"@type\":\"PropertyValueSpecification\",\"valueRequired\":true,\"valueName\":\"search_term_string\"}}],\"inLanguage\":\"de\"},{\"@type\":\"Organization\",\"@id\":\"https:\/\/www.club-der-hundefreunde-achim.de\/cms\/#organization\",\"name\":\"club-der-hundefreunde-achim.de\",\"url\":\"https:\/\/www.club-der-hundefreunde-achim.de\/cms\/\",\"logo\":{\"@type\":\"ImageObject\",\"inLanguage\":\"de\",\"@id\":\"https:\/\/www.club-der-hundefreunde-achim.de\/cms\/#\/schema\/logo\/image\/\",\"url\":\"https:\/\/www.club-der-hundefreunde-achim.de\/cms\/wp-content\/uploads\/2022\/01\/cropped-CdH-Logo.gif\",\"contentUrl\":\"https:\/\/www.club-der-hundefreunde-achim.de\/cms\/wp-content\/uploads\/2022\/01\/cropped-CdH-Logo.gif\",\"width\":1260,\"height\":946,\"caption\":\"club-der-hundefreunde-achim.de\"},\"image\":{\"@id\":\"https:\/\/www.club-der-hundefreunde-achim.de\/cms\/#\/schema\/logo\/image\/\"}}]}<\/script>\n<!-- \/ Yoast SEO plugin. -->","yoast_head_json":{"title":"Kurs: Rally Obedience* - club-der-hundefreunde-achim.de","robots":{"index":"index","follow":"follow","max-snippet":"max-snippet:-1","max-image-preview":"max-image-preview:large","max-video-preview":"max-video-preview:-1"},"canonical":"https:\/\/www.club-der-hundefreunde-achim.de\/cms\/rally-obedience\/","og_locale":"de_DE","og_type":"article","og_title":"Kurs: Rally Obedience* - club-der-hundefreunde-achim.de","og_description":"Frei&nbsp;\u00fcbersetzt&nbsp;bedeutet&nbsp;Rally&nbsp;Obedience sportliches Gehorsam.&nbsp; In unserem Kurs werden&nbsp;\u00dcbungen zum&nbsp;Erlernen&nbsp;des Grundgehorsams&nbsp;mit&nbsp;dem&nbsp;sportlichen&nbsp;Aspekt&nbsp;des z\u00fcgigen&nbsp;Laufens&nbsp;und&nbsp;der Wendigkeit&nbsp;und&nbsp;Genauigkeit&nbsp;beim&nbsp;Absolvieren&nbsp;eines&nbsp;Parcours verbunden.&nbsp; Anders&nbsp;als&nbsp;beim&nbsp;klassischen&nbsp;Obedience&nbsp;wird&nbsp;die&nbsp;\u00dcbung&nbsp;nicht&nbsp;angesagt,&nbsp;sondern&nbsp;\u00e4hnlich&nbsp;einer Schnitzeljagd&nbsp;auf&nbsp;Schildern&nbsp;angezeigt und&nbsp;der&nbsp;Reihe noch&nbsp;abgearbeitet.&nbsp;Das&nbsp;jeweils gearbeitete&nbsp;Schild weist&nbsp;den&nbsp;Weg zur&nbsp;n\u00e4chsten&nbsp;Aufgabe. Rally&nbsp;Obedience&nbsp;ist&nbsp;z. Zt.&nbsp;der&nbsp;einzige Turnier-Hundesport&nbsp;bei&nbsp;dem Loben und&nbsp;Belohnen&nbsp;ausdr\u00fccklich&nbsp;gew\u00fcnscht&nbsp;ist. Es wird&nbsp;auf&nbsp;Handicaps von Hund&nbsp;und&nbsp;Halter&nbsp;eingegangen. Voraussetzungen:&nbsp;Keine,&nbsp;bei&nbsp;Turnieren&nbsp;muss&nbsp;der&nbsp;Hund&nbsp;mindestens&nbsp;15&nbsp;Monate&nbsp;sein\/ \u00dcbungsleiter|in:&nbsp;Renate Termin:&nbsp;Dienstag, 15.00 \u2013 16.30 Uhr Ort:\u00a0Vereinsgel\u00e4nde Such-Platz (Platz 4) \u00dcbungsleiter|in:&nbsp;Jeannette Termin:&nbsp;Freitag, 15.00 \u2013 16.30 Uhr Ort:\u00a0Vereinsgel\u00e4nde Platz 2 * Kurs mit Zusatzbeitrag","og_url":"https:\/\/www.club-der-hundefreunde-achim.de\/cms\/rally-obedience\/","og_site_name":"club-der-hundefreunde-achim.de","article_modified_time":"2025-05-25T09:37:56+00:00","twitter_card":"summary_large_image","twitter_misc":{"Gesch\u00e4tzte Lesezeit":"1\u00a0Minute"},"schema":{"@context":"https:\/\/schema.org","@graph":[{"@type":"WebPage","@id":"https:\/\/www.club-der-hundefreunde-achim.de\/cms\/rally-obedience\/","url":"https:\/\/www.club-der-hundefreunde-achim.de\/cms\/rally-obedience\/","name":"Kurs: Rally Obedience* - club-der-hundefreunde-achim.de","isPartOf":{"@id":"https:\/\/www.club-der-hundefreunde-achim.de\/cms\/#website"},"datePublished":"2022-09-13T20:30:22+00:00","dateModified":"2025-05-25T09:37:56+00:00","breadcrumb":{"@id":"https:\/\/www.club-der-hundefreunde-achim.de\/cms\/rally-obedience\/#breadcrumb"},"inLanguage":"de","potentialAction":[{"@type":"ReadAction","target":["https:\/\/www.club-der-hundefreunde-achim.de\/cms\/rally-obedience\/"]}]},{"@type":"BreadcrumbList","@id":"https:\/\/www.club-der-hundefreunde-achim.de\/cms\/rally-obedience\/#breadcrumb","itemListElement":[{"@type":"ListItem","position":1,"name":"Startseite","item":"https:\/\/www.club-der-hundefreunde-achim.de\/cms\/"},{"@type":"ListItem","position":2,"name":"Kurs: Rally Obedience*"}]},{"@type":"WebSite","@id":"https:\/\/www.club-der-hundefreunde-achim.de\/cms\/#website","url":"https:\/\/www.club-der-hundefreunde-achim.de\/cms\/","name":"club-der-hundefreunde-achim.de","description":"Club der Hundefreunde e.V.","publisher":{"@id":"https:\/\/www.club-der-hundefreunde-achim.de\/cms\/#organization"},"potentialAction":[{"@type":"SearchAction","target":{"@type":"EntryPoint","urlTemplate":"https:\/\/www.club-der-hundefreunde-achim.de\/cms\/?s={search_term_string}"},"query-input":{"@type":"PropertyValueSpecification","valueRequired":true,"valueName":"search_term_string"}}],"inLanguage":"de"},{"@type":"Organization","@id":"https:\/\/www.club-der-hundefreunde-achim.de\/cms\/#organization","name":"club-der-hundefreunde-achim.de","url":"https:\/\/www.club-der-hundefreunde-achim.de\/cms\/","logo":{"@type":"ImageObject","inLanguage":"de","@id":"https:\/\/www.club-der-hundefreunde-achim.de\/cms\/#\/schema\/logo\/image\/","url":"https:\/\/www.club-der-hundefreunde-achim.de\/cms\/wp-content\/uploads\/2022\/01\/cropped-CdH-Logo.gif","contentUrl":"https:\/\/www.club-der-hundefreunde-achim.de\/cms\/wp-content\/uploads\/2022\/01\/cropped-CdH-Logo.gif","width":1260,"height":946,"caption":"club-der-hundefreunde-achim.de"},"image":{"@id":"https:\/\/www.club-der-hundefreunde-achim.de\/cms\/#\/schema\/logo\/image\/"}}]}},"_links":{"self":[{"href":"https:\/\/www.club-der-hundefreunde-achim.de\/cms\/wp-json\/wp\/v2\/pages\/415","targetHints":{"allow":["GET"]}}],"collection":[{"href":"https:\/\/www.club-der-hundefreunde-achim.de\/cms\/wp-json\/wp\/v2\/pages"}],"about":[{"href":"https:\/\/www.club-der-hundefreunde-achim.de\/cms\/wp-json\/wp\/v2\/types\/page"}],"author":[{"embeddable":true,"href":"https:\/\/www.club-der-hundefreunde-achim.de\/cms\/wp-json\/wp\/v2\/users\/1"}],"replies":[{"embeddable":true,"href":"https:\/\/www.club-der-hundefreunde-achim.de\/cms\/wp-json\/wp\/v2\/comments?post=415"}],"version-history":[{"count":10,"href":"https:\/\/www.club-der-hundefreunde-achim.de\/cms\/wp-json\/wp\/v2\/pages\/415\/revisions"}],"predecessor-version":[{"id":880,"href":"https:\/\/www.club-der-hundefreunde-achim.de\/cms\/wp-json\/wp\/v2\/pages\/415\/revisions\/880"}],"wp:attachment":[{"href":"https:\/\/www.club-der-hundefreunde-achim.de\/cms\/wp-json\/wp\/v2\/media?parent=415"}],"curies":[{"name":"wp","href":"https:\/\/api.w.org\/{rel}","templated":true}]}}