{"id":552,"date":"2023-05-22T22:16:21","date_gmt":"2023-05-22T20:16:21","guid":{"rendered":"https:\/\/www.club-der-hundefreunde-achim.de\/cms\/?page_id=552"},"modified":"2025-11-16T22:06:24","modified_gmt":"2025-11-16T21:06:24","slug":"kurs-longieren","status":"publish","type":"page","link":"https:\/\/www.club-der-hundefreunde-achim.de\/cms\/kurs-longieren\/","title":{"rendered":"Kurs: Longieren*"},"content":{"rendered":"\n<div class=\"wp-block-group has-background-background-color has-background\"><div class=\"wp-block-group__inner-container is-layout-flow wp-block-group-is-layout-flow\">\n<p class=\"has-primary-background-color has-background\">In diesem Kurs geht es um die <strong>Kommunikation zwischen Mensch und Hund<\/strong>.<\/p>\n\n\n\n<div class=\"wp-block-group\"><div class=\"wp-block-group__inner-container is-layout-flow wp-block-group-is-layout-flow\">\n<p class=\"has-primary-background-color has-background\">Du wirst an Deiner <strong>K\u00f6rpersprache<\/strong> arbeiten und Dich ganz neu kennen lernen. Zwischen Dir und Deinem Hund erarbeitet Ihr euch eine <strong>Verst\u00e4ndigungsbasis<\/strong>. <\/p>\n\n\n\n<p class=\"has-primary-background-color has-background\">Dazu verwenden wir einen <strong>Longierkreis<\/strong>. Das Innere des Kreises ist ein Tabubereich f\u00fcr den Hund. Nur der Hundef\u00fchrer befindet sich im Kreis. <br><br>Mit detaillierten \u00dcbungen und Abl\u00e4ufen steigern wir <strong>kooperatives Verhalten<\/strong> und <strong>freudige Zugewandheit<\/strong>. Durch die Trennung zwischen Innenkreis mit dem Hundef\u00fchrer und dem Au\u00dfenkreis des Hundes schaffen wir <strong>N\u00e4he durch Distanz<\/strong>..<\/p>\n\n\n\n<blockquote class=\"wp-block-quote has-primary-color has-text-color is-layout-flow wp-block-quote-is-layout-flow\">\n<p><strong>\u00dcbungsleiter|in: <\/strong>Christiane<\/p>\n\n\n\n<p><strong>Termin: <\/strong>Samstag 11.00 &#8211; 12.00 Uhr (nur bis Winterpause)<\/p>\n\n\n\n<p><strong>Ort: <\/strong>Vereinsgel\u00e4nde &#8211; Platz 1<br><br><br><strong>\u00dcbungsleiter|in: <\/strong>Virgilia<\/p>\n\n\n\n<p><strong>Termin: <\/strong>Samstag 12.00 &#8211; 12.00 Uhr<\/p>\n\n\n\n<p><strong>Ort: <\/strong>Vereinsgel\u00e4nde &#8211; Platz 1<\/p>\n<\/blockquote>\n<\/div><\/div>\n<\/div><\/div>\n\n\n\n<p class=\"has-small-font-size\">* Kurs mit Zusatzbeitrag<\/p>\n\n\n\n<div class=\"wp-block-buttons is-layout-flex wp-block-buttons-is-layout-flex\">\n<div class=\"wp-block-button\"><a class=\"wp-block-button__link has-primary-background-color has-background wp-element-button\" href=\"https:\/\/www.club-der-hundefreunde-achim.de\/cms\/download-kursuebersicht\/\">download kursplan \/ pdf<\/a><\/div>\n<\/div>\n\n\n\n<div class=\"wp-block-buttons is-layout-flex wp-block-buttons-is-layout-flex\">\n<div class=\"wp-block-button\"><a class=\"wp-block-button__link wp-element-button\" href=\"http:\/\/www.club-der-hundefreunde-achim.de\/cms\/\">zur\u00fcck<\/a><\/div>\n<\/div>\n","protected":false},"excerpt":{"rendered":"<p>In diesem Kurs geht es um die Kommunikation zwischen Mensch und Hund. Du wirst an Deiner K\u00f6rpersprache arbeiten und Dich ganz neu kennen lernen. Zwischen Dir und Deinem Hund erarbeitet Ihr euch eine Verst\u00e4ndigungsbasis. Dazu verwenden wir einen Longierkreis. Das Innere des Kreises ist ein Tabubereich f\u00fcr den Hund. Nur der Hundef\u00fchrer befindet sich im [&hellip;]<\/p>\n","protected":false},"author":1,"featured_media":0,"parent":0,"menu_order":0,"comment_status":"closed","ping_status":"closed","template":"","meta":{"footnotes":""},"class_list":["post-552","page","type-page","status-publish","hentry"],"yoast_head":"<!-- This site is optimized with the Yoast SEO plugin v26.3 - https:\/\/yoast.com\/wordpress\/plugins\/seo\/ -->\n<title>Kurs: Longieren* - club-der-hundefreunde-achim.de<\/title>\n<meta name=\"robots\" content=\"index, follow, max-snippet:-1, max-image-preview:large, max-video-preview:-1\" \/>\n<link rel=\"canonical\" href=\"https:\/\/www.club-der-hundefreunde-achim.de\/cms\/kurs-longieren\/\" \/>\n<meta property=\"og:locale\" content=\"de_DE\" \/>\n<meta property=\"og:type\" content=\"article\" \/>\n<meta property=\"og:title\" content=\"Kurs: Longieren* - club-der-hundefreunde-achim.de\" \/>\n<meta property=\"og:description\" content=\"In diesem Kurs geht es um die Kommunikation zwischen Mensch und Hund. Du wirst an Deiner K\u00f6rpersprache arbeiten und Dich ganz neu kennen lernen. Zwischen Dir und Deinem Hund erarbeitet Ihr euch eine Verst\u00e4ndigungsbasis. Dazu verwenden wir einen Longierkreis. Das Innere des Kreises ist ein Tabubereich f\u00fcr den Hund. Nur der Hundef\u00fchrer befindet sich im [&hellip;]\" \/>\n<meta property=\"og:url\" content=\"https:\/\/www.club-der-hundefreunde-achim.de\/cms\/kurs-longieren\/\" \/>\n<meta property=\"og:site_name\" content=\"club-der-hundefreunde-achim.de\" \/>\n<meta property=\"article:modified_time\" content=\"2025-11-16T21:06:24+00:00\" \/>\n<meta name=\"twitter:card\" content=\"summary_large_image\" \/>\n<meta name=\"twitter:label1\" content=\"Gesch\u00e4tzte Lesezeit\" \/>\n\t<meta name=\"twitter:data1\" content=\"1\u00a0Minute\" \/>\n<script type=\"application\/ld+json\" class=\"yoast-schema-graph\">{\"@context\":\"https:\/\/schema.org\",\"@graph\":[{\"@type\":\"WebPage\",\"@id\":\"https:\/\/www.club-der-hundefreunde-achim.de\/cms\/kurs-longieren\/\",\"url\":\"https:\/\/www.club-der-hundefreunde-achim.de\/cms\/kurs-longieren\/\",\"name\":\"Kurs: Longieren* - club-der-hundefreunde-achim.de\",\"isPartOf\":{\"@id\":\"https:\/\/www.club-der-hundefreunde-achim.de\/cms\/#website\"},\"datePublished\":\"2023-05-22T20:16:21+00:00\",\"dateModified\":\"2025-11-16T21:06:24+00:00\",\"breadcrumb\":{\"@id\":\"https:\/\/www.club-der-hundefreunde-achim.de\/cms\/kurs-longieren\/#breadcrumb\"},\"inLanguage\":\"de\",\"potentialAction\":[{\"@type\":\"ReadAction\",\"target\":[\"https:\/\/www.club-der-hundefreunde-achim.de\/cms\/kurs-longieren\/\"]}]},{\"@type\":\"BreadcrumbList\",\"@id\":\"https:\/\/www.club-der-hundefreunde-achim.de\/cms\/kurs-longieren\/#breadcrumb\",\"itemListElement\":[{\"@type\":\"ListItem\",\"position\":1,\"name\":\"Startseite\",\"item\":\"https:\/\/www.club-der-hundefreunde-achim.de\/cms\/\"},{\"@type\":\"ListItem\",\"position\":2,\"name\":\"Kurs: Longieren*\"}]},{\"@type\":\"WebSite\",\"@id\":\"https:\/\/www.club-der-hundefreunde-achim.de\/cms\/#website\",\"url\":\"https:\/\/www.club-der-hundefreunde-achim.de\/cms\/\",\"name\":\"club-der-hundefreunde-achim.de\",\"description\":\"Club der Hundefreunde e.V.\",\"publisher\":{\"@id\":\"https:\/\/www.club-der-hundefreunde-achim.de\/cms\/#organization\"},\"potentialAction\":[{\"@type\":\"SearchAction\",\"target\":{\"@type\":\"EntryPoint\",\"urlTemplate\":\"https:\/\/www.club-der-hundefreunde-achim.de\/cms\/?s={search_term_string}\"},\"query-input\":{\"@type\":\"PropertyValueSpecification\",\"valueRequired\":true,\"valueName\":\"search_term_string\"}}],\"inLanguage\":\"de\"},{\"@type\":\"Organization\",\"@id\":\"https:\/\/www.club-der-hundefreunde-achim.de\/cms\/#organization\",\"name\":\"club-der-hundefreunde-achim.de\",\"url\":\"https:\/\/www.club-der-hundefreunde-achim.de\/cms\/\",\"logo\":{\"@type\":\"ImageObject\",\"inLanguage\":\"de\",\"@id\":\"https:\/\/www.club-der-hundefreunde-achim.de\/cms\/#\/schema\/logo\/image\/\",\"url\":\"https:\/\/www.club-der-hundefreunde-achim.de\/cms\/wp-content\/uploads\/2022\/01\/cropped-CdH-Logo.gif\",\"contentUrl\":\"https:\/\/www.club-der-hundefreunde-achim.de\/cms\/wp-content\/uploads\/2022\/01\/cropped-CdH-Logo.gif\",\"width\":1260,\"height\":946,\"caption\":\"club-der-hundefreunde-achim.de\"},\"image\":{\"@id\":\"https:\/\/www.club-der-hundefreunde-achim.de\/cms\/#\/schema\/logo\/image\/\"}}]}<\/script>\n<!-- \/ Yoast SEO plugin. -->","yoast_head_json":{"title":"Kurs: Longieren* - club-der-hundefreunde-achim.de","robots":{"index":"index","follow":"follow","max-snippet":"max-snippet:-1","max-image-preview":"max-image-preview:large","max-video-preview":"max-video-preview:-1"},"canonical":"https:\/\/www.club-der-hundefreunde-achim.de\/cms\/kurs-longieren\/","og_locale":"de_DE","og_type":"article","og_title":"Kurs: Longieren* - club-der-hundefreunde-achim.de","og_description":"In diesem Kurs geht es um die Kommunikation zwischen Mensch und Hund. Du wirst an Deiner K\u00f6rpersprache arbeiten und Dich ganz neu kennen lernen. Zwischen Dir und Deinem Hund erarbeitet Ihr euch eine Verst\u00e4ndigungsbasis. Dazu verwenden wir einen Longierkreis. Das Innere des Kreises ist ein Tabubereich f\u00fcr den Hund. Nur der Hundef\u00fchrer befindet sich im [&hellip;]","og_url":"https:\/\/www.club-der-hundefreunde-achim.de\/cms\/kurs-longieren\/","og_site_name":"club-der-hundefreunde-achim.de","article_modified_time":"2025-11-16T21:06:24+00:00","twitter_card":"summary_large_image","twitter_misc":{"Gesch\u00e4tzte Lesezeit":"1\u00a0Minute"},"schema":{"@context":"https:\/\/schema.org","@graph":[{"@type":"WebPage","@id":"https:\/\/www.club-der-hundefreunde-achim.de\/cms\/kurs-longieren\/","url":"https:\/\/www.club-der-hundefreunde-achim.de\/cms\/kurs-longieren\/","name":"Kurs: Longieren* - club-der-hundefreunde-achim.de","isPartOf":{"@id":"https:\/\/www.club-der-hundefreunde-achim.de\/cms\/#website"},"datePublished":"2023-05-22T20:16:21+00:00","dateModified":"2025-11-16T21:06:24+00:00","breadcrumb":{"@id":"https:\/\/www.club-der-hundefreunde-achim.de\/cms\/kurs-longieren\/#breadcrumb"},"inLanguage":"de","potentialAction":[{"@type":"ReadAction","target":["https:\/\/www.club-der-hundefreunde-achim.de\/cms\/kurs-longieren\/"]}]},{"@type":"BreadcrumbList","@id":"https:\/\/www.club-der-hundefreunde-achim.de\/cms\/kurs-longieren\/#breadcrumb","itemListElement":[{"@type":"ListItem","position":1,"name":"Startseite","item":"https:\/\/www.club-der-hundefreunde-achim.de\/cms\/"},{"@type":"ListItem","position":2,"name":"Kurs: Longieren*"}]},{"@type":"WebSite","@id":"https:\/\/www.club-der-hundefreunde-achim.de\/cms\/#website","url":"https:\/\/www.club-der-hundefreunde-achim.de\/cms\/","name":"club-der-hundefreunde-achim.de","description":"Club der Hundefreunde e.V.","publisher":{"@id":"https:\/\/www.club-der-hundefreunde-achim.de\/cms\/#organization"},"potentialAction":[{"@type":"SearchAction","target":{"@type":"EntryPoint","urlTemplate":"https:\/\/www.club-der-hundefreunde-achim.de\/cms\/?s={search_term_string}"},"query-input":{"@type":"PropertyValueSpecification","valueRequired":true,"valueName":"search_term_string"}}],"inLanguage":"de"},{"@type":"Organization","@id":"https:\/\/www.club-der-hundefreunde-achim.de\/cms\/#organization","name":"club-der-hundefreunde-achim.de","url":"https:\/\/www.club-der-hundefreunde-achim.de\/cms\/","logo":{"@type":"ImageObject","inLanguage":"de","@id":"https:\/\/www.club-der-hundefreunde-achim.de\/cms\/#\/schema\/logo\/image\/","url":"https:\/\/www.club-der-hundefreunde-achim.de\/cms\/wp-content\/uploads\/2022\/01\/cropped-CdH-Logo.gif","contentUrl":"https:\/\/www.club-der-hundefreunde-achim.de\/cms\/wp-content\/uploads\/2022\/01\/cropped-CdH-Logo.gif","width":1260,"height":946,"caption":"club-der-hundefreunde-achim.de"},"image":{"@id":"https:\/\/www.club-der-hundefreunde-achim.de\/cms\/#\/schema\/logo\/image\/"}}]}},"_links":{"self":[{"href":"https:\/\/www.club-der-hundefreunde-achim.de\/cms\/wp-json\/wp\/v2\/pages\/552","targetHints":{"allow":["GET"]}}],"collection":[{"href":"https:\/\/www.club-der-hundefreunde-achim.de\/cms\/wp-json\/wp\/v2\/pages"}],"about":[{"href":"https:\/\/www.club-der-hundefreunde-achim.de\/cms\/wp-json\/wp\/v2\/types\/page"}],"author":[{"embeddable":true,"href":"https:\/\/www.club-der-hundefreunde-achim.de\/cms\/wp-json\/wp\/v2\/users\/1"}],"replies":[{"embeddable":true,"href":"https:\/\/www.club-der-hundefreunde-achim.de\/cms\/wp-json\/wp\/v2\/comments?post=552"}],"version-history":[{"count":9,"href":"https:\/\/www.club-der-hundefreunde-achim.de\/cms\/wp-json\/wp\/v2\/pages\/552\/revisions"}],"predecessor-version":[{"id":900,"href":"https:\/\/www.club-der-hundefreunde-achim.de\/cms\/wp-json\/wp\/v2\/pages\/552\/revisions\/900"}],"wp:attachment":[{"href":"https:\/\/www.club-der-hundefreunde-achim.de\/cms\/wp-json\/wp\/v2\/media?parent=552"}],"curies":[{"name":"wp","href":"https:\/\/api.w.org\/{rel}","templated":true}]}}