{"id":558,"date":"2023-05-22T22:31:45","date_gmt":"2023-05-22T20:31:45","guid":{"rendered":"https:\/\/www.club-der-hundefreunde-achim.de\/cms\/?page_id=558"},"modified":"2023-10-22T11:50:35","modified_gmt":"2023-10-22T09:50:35","slug":"kurs-minis","status":"publish","type":"page","link":"https:\/\/www.club-der-hundefreunde-achim.de\/cms\/kurs-minis\/","title":{"rendered":"Kurs: Minis"},"content":{"rendered":"\n<div class=\"wp-block-group has-primary-color has-background-background-color has-text-color has-background\"><div class=\"wp-block-group__inner-container is-layout-flow wp-block-group-is-layout-flow\">\n<div class=\"wp-block-group has-primary-background-color has-background\"><div class=\"wp-block-group__inner-container is-layout-flow wp-block-group-is-layout-flow\">\n<p>Der Kurs f\u00fcr <strong>erwachsende kleine<\/strong> Hunde.<\/p>\n<\/div><\/div>\n\n\n\n<div class=\"wp-block-group has-primary-background-color has-background\"><div class=\"wp-block-group__inner-container is-layout-flow wp-block-group-is-layout-flow\">\n<p>Es geht inhaltlich darum, Grundlagen zu festigen z.B.&nbsp; <strong>Leinenf\u00fchrigkeit, das Bleib oder das Abrufen.<\/strong>&nbsp;<\/p>\n\n\n\n<p>Au\u00dferdem trainieren wir die <strong>Balance der Hunde<\/strong>, z.B. auf wackligen Untergr\u00fcnden und unserem gro\u00dfen Steg.<\/p>\n\n\n\n<p>Damit es nicht langweilig wird, \u00fcben wir den einen oder anderen <strong>kleinen<\/strong> <strong>Trick<\/strong> und die Hunde d\u00fcrfen im <strong>Freilauf<\/strong> ordentlich toben.<\/p>\n<\/div><\/div>\n\n\n\n<blockquote class=\"wp-block-quote is-layout-flow wp-block-quote-is-layout-flow\">\n<p><strong><strong>\u00dcbungsleiter|in<\/strong>: <\/strong>Gesa<\/p>\n\n\n\n<p><strong>Termin: <\/strong>Sonntag, 11:45 \u2013 12:45 Uhr und 12:45 \u2013 13:45 Uhr<\/p>\n\n\n\n<p><strong>Ort: <\/strong>Vereinsgel\u00e4nde Platz 1<\/p>\n\n\n\n<p><\/p>\n<\/blockquote>\n<\/div><\/div>\n\n\n\n<div class=\"wp-block-buttons is-layout-flex wp-block-buttons-is-layout-flex\">\n<div class=\"wp-block-button is-style-fill\"><a class=\"wp-block-button__link has-background-color has-primary-background-color has-text-color has-background wp-element-button\" href=\"https:\/\/www.club-der-hundefreunde-achim.de\/cms\/download-kursuebersicht\/\">download kursplan \/ pdf<\/a><\/div>\n<\/div>\n\n\n\n<div class=\"wp-block-buttons is-layout-flex wp-block-buttons-is-layout-flex\">\n<div class=\"wp-block-button is-style-fill\"><a class=\"wp-block-button__link wp-element-button\" href=\"http:\/\/club-der-hundefreunde-achim.de\/cms\/\">zur\u00fcck<\/a><\/div>\n<\/div>\n","protected":false},"excerpt":{"rendered":"<p>Der Kurs f\u00fcr erwachsende kleine Hunde. Es geht inhaltlich darum, Grundlagen zu festigen z.B.&nbsp; Leinenf\u00fchrigkeit, das Bleib oder das Abrufen.&nbsp; Au\u00dferdem trainieren wir die Balance der Hunde, z.B. auf wackligen Untergr\u00fcnden und unserem gro\u00dfen Steg. Damit es nicht langweilig wird, \u00fcben wir den einen oder anderen kleinen Trick und die Hunde d\u00fcrfen im Freilauf ordentlich [&hellip;]<\/p>\n","protected":false},"author":1,"featured_media":0,"parent":0,"menu_order":0,"comment_status":"closed","ping_status":"closed","template":"","meta":{"footnotes":""},"class_list":["post-558","page","type-page","status-publish","hentry"],"yoast_head":"<!-- This site is optimized with the Yoast SEO plugin v26.3 - https:\/\/yoast.com\/wordpress\/plugins\/seo\/ -->\n<title>Kurs: Minis - club-der-hundefreunde-achim.de<\/title>\n<meta name=\"robots\" content=\"index, follow, max-snippet:-1, max-image-preview:large, max-video-preview:-1\" \/>\n<link rel=\"canonical\" href=\"https:\/\/www.club-der-hundefreunde-achim.de\/cms\/kurs-minis\/\" \/>\n<meta property=\"og:locale\" content=\"de_DE\" \/>\n<meta property=\"og:type\" content=\"article\" \/>\n<meta property=\"og:title\" content=\"Kurs: Minis - club-der-hundefreunde-achim.de\" \/>\n<meta property=\"og:description\" content=\"Der Kurs f\u00fcr erwachsende kleine Hunde. Es geht inhaltlich darum, Grundlagen zu festigen z.B.&nbsp; Leinenf\u00fchrigkeit, das Bleib oder das Abrufen.&nbsp; Au\u00dferdem trainieren wir die Balance der Hunde, z.B. auf wackligen Untergr\u00fcnden und unserem gro\u00dfen Steg. Damit es nicht langweilig wird, \u00fcben wir den einen oder anderen kleinen Trick und die Hunde d\u00fcrfen im Freilauf ordentlich [&hellip;]\" \/>\n<meta property=\"og:url\" content=\"https:\/\/www.club-der-hundefreunde-achim.de\/cms\/kurs-minis\/\" \/>\n<meta property=\"og:site_name\" content=\"club-der-hundefreunde-achim.de\" \/>\n<meta property=\"article:modified_time\" content=\"2023-10-22T09:50:35+00:00\" \/>\n<meta name=\"twitter:card\" content=\"summary_large_image\" \/>\n<meta name=\"twitter:label1\" content=\"Gesch\u00e4tzte Lesezeit\" \/>\n\t<meta name=\"twitter:data1\" content=\"1\u00a0Minute\" \/>\n<script type=\"application\/ld+json\" class=\"yoast-schema-graph\">{\"@context\":\"https:\/\/schema.org\",\"@graph\":[{\"@type\":\"WebPage\",\"@id\":\"https:\/\/www.club-der-hundefreunde-achim.de\/cms\/kurs-minis\/\",\"url\":\"https:\/\/www.club-der-hundefreunde-achim.de\/cms\/kurs-minis\/\",\"name\":\"Kurs: Minis - club-der-hundefreunde-achim.de\",\"isPartOf\":{\"@id\":\"https:\/\/www.club-der-hundefreunde-achim.de\/cms\/#website\"},\"datePublished\":\"2023-05-22T20:31:45+00:00\",\"dateModified\":\"2023-10-22T09:50:35+00:00\",\"breadcrumb\":{\"@id\":\"https:\/\/www.club-der-hundefreunde-achim.de\/cms\/kurs-minis\/#breadcrumb\"},\"inLanguage\":\"de\",\"potentialAction\":[{\"@type\":\"ReadAction\",\"target\":[\"https:\/\/www.club-der-hundefreunde-achim.de\/cms\/kurs-minis\/\"]}]},{\"@type\":\"BreadcrumbList\",\"@id\":\"https:\/\/www.club-der-hundefreunde-achim.de\/cms\/kurs-minis\/#breadcrumb\",\"itemListElement\":[{\"@type\":\"ListItem\",\"position\":1,\"name\":\"Startseite\",\"item\":\"https:\/\/www.club-der-hundefreunde-achim.de\/cms\/\"},{\"@type\":\"ListItem\",\"position\":2,\"name\":\"Kurs: Minis\"}]},{\"@type\":\"WebSite\",\"@id\":\"https:\/\/www.club-der-hundefreunde-achim.de\/cms\/#website\",\"url\":\"https:\/\/www.club-der-hundefreunde-achim.de\/cms\/\",\"name\":\"club-der-hundefreunde-achim.de\",\"description\":\"Club der Hundefreunde e.V.\",\"publisher\":{\"@id\":\"https:\/\/www.club-der-hundefreunde-achim.de\/cms\/#organization\"},\"potentialAction\":[{\"@type\":\"SearchAction\",\"target\":{\"@type\":\"EntryPoint\",\"urlTemplate\":\"https:\/\/www.club-der-hundefreunde-achim.de\/cms\/?s={search_term_string}\"},\"query-input\":{\"@type\":\"PropertyValueSpecification\",\"valueRequired\":true,\"valueName\":\"search_term_string\"}}],\"inLanguage\":\"de\"},{\"@type\":\"Organization\",\"@id\":\"https:\/\/www.club-der-hundefreunde-achim.de\/cms\/#organization\",\"name\":\"club-der-hundefreunde-achim.de\",\"url\":\"https:\/\/www.club-der-hundefreunde-achim.de\/cms\/\",\"logo\":{\"@type\":\"ImageObject\",\"inLanguage\":\"de\",\"@id\":\"https:\/\/www.club-der-hundefreunde-achim.de\/cms\/#\/schema\/logo\/image\/\",\"url\":\"https:\/\/www.club-der-hundefreunde-achim.de\/cms\/wp-content\/uploads\/2022\/01\/cropped-CdH-Logo.gif\",\"contentUrl\":\"https:\/\/www.club-der-hundefreunde-achim.de\/cms\/wp-content\/uploads\/2022\/01\/cropped-CdH-Logo.gif\",\"width\":1260,\"height\":946,\"caption\":\"club-der-hundefreunde-achim.de\"},\"image\":{\"@id\":\"https:\/\/www.club-der-hundefreunde-achim.de\/cms\/#\/schema\/logo\/image\/\"}}]}<\/script>\n<!-- \/ Yoast SEO plugin. -->","yoast_head_json":{"title":"Kurs: Minis - club-der-hundefreunde-achim.de","robots":{"index":"index","follow":"follow","max-snippet":"max-snippet:-1","max-image-preview":"max-image-preview:large","max-video-preview":"max-video-preview:-1"},"canonical":"https:\/\/www.club-der-hundefreunde-achim.de\/cms\/kurs-minis\/","og_locale":"de_DE","og_type":"article","og_title":"Kurs: Minis - club-der-hundefreunde-achim.de","og_description":"Der Kurs f\u00fcr erwachsende kleine Hunde. Es geht inhaltlich darum, Grundlagen zu festigen z.B.&nbsp; Leinenf\u00fchrigkeit, das Bleib oder das Abrufen.&nbsp; Au\u00dferdem trainieren wir die Balance der Hunde, z.B. auf wackligen Untergr\u00fcnden und unserem gro\u00dfen Steg. Damit es nicht langweilig wird, \u00fcben wir den einen oder anderen kleinen Trick und die Hunde d\u00fcrfen im Freilauf ordentlich [&hellip;]","og_url":"https:\/\/www.club-der-hundefreunde-achim.de\/cms\/kurs-minis\/","og_site_name":"club-der-hundefreunde-achim.de","article_modified_time":"2023-10-22T09:50:35+00:00","twitter_card":"summary_large_image","twitter_misc":{"Gesch\u00e4tzte Lesezeit":"1\u00a0Minute"},"schema":{"@context":"https:\/\/schema.org","@graph":[{"@type":"WebPage","@id":"https:\/\/www.club-der-hundefreunde-achim.de\/cms\/kurs-minis\/","url":"https:\/\/www.club-der-hundefreunde-achim.de\/cms\/kurs-minis\/","name":"Kurs: Minis - club-der-hundefreunde-achim.de","isPartOf":{"@id":"https:\/\/www.club-der-hundefreunde-achim.de\/cms\/#website"},"datePublished":"2023-05-22T20:31:45+00:00","dateModified":"2023-10-22T09:50:35+00:00","breadcrumb":{"@id":"https:\/\/www.club-der-hundefreunde-achim.de\/cms\/kurs-minis\/#breadcrumb"},"inLanguage":"de","potentialAction":[{"@type":"ReadAction","target":["https:\/\/www.club-der-hundefreunde-achim.de\/cms\/kurs-minis\/"]}]},{"@type":"BreadcrumbList","@id":"https:\/\/www.club-der-hundefreunde-achim.de\/cms\/kurs-minis\/#breadcrumb","itemListElement":[{"@type":"ListItem","position":1,"name":"Startseite","item":"https:\/\/www.club-der-hundefreunde-achim.de\/cms\/"},{"@type":"ListItem","position":2,"name":"Kurs: Minis"}]},{"@type":"WebSite","@id":"https:\/\/www.club-der-hundefreunde-achim.de\/cms\/#website","url":"https:\/\/www.club-der-hundefreunde-achim.de\/cms\/","name":"club-der-hundefreunde-achim.de","description":"Club der Hundefreunde e.V.","publisher":{"@id":"https:\/\/www.club-der-hundefreunde-achim.de\/cms\/#organization"},"potentialAction":[{"@type":"SearchAction","target":{"@type":"EntryPoint","urlTemplate":"https:\/\/www.club-der-hundefreunde-achim.de\/cms\/?s={search_term_string}"},"query-input":{"@type":"PropertyValueSpecification","valueRequired":true,"valueName":"search_term_string"}}],"inLanguage":"de"},{"@type":"Organization","@id":"https:\/\/www.club-der-hundefreunde-achim.de\/cms\/#organization","name":"club-der-hundefreunde-achim.de","url":"https:\/\/www.club-der-hundefreunde-achim.de\/cms\/","logo":{"@type":"ImageObject","inLanguage":"de","@id":"https:\/\/www.club-der-hundefreunde-achim.de\/cms\/#\/schema\/logo\/image\/","url":"https:\/\/www.club-der-hundefreunde-achim.de\/cms\/wp-content\/uploads\/2022\/01\/cropped-CdH-Logo.gif","contentUrl":"https:\/\/www.club-der-hundefreunde-achim.de\/cms\/wp-content\/uploads\/2022\/01\/cropped-CdH-Logo.gif","width":1260,"height":946,"caption":"club-der-hundefreunde-achim.de"},"image":{"@id":"https:\/\/www.club-der-hundefreunde-achim.de\/cms\/#\/schema\/logo\/image\/"}}]}},"_links":{"self":[{"href":"https:\/\/www.club-der-hundefreunde-achim.de\/cms\/wp-json\/wp\/v2\/pages\/558","targetHints":{"allow":["GET"]}}],"collection":[{"href":"https:\/\/www.club-der-hundefreunde-achim.de\/cms\/wp-json\/wp\/v2\/pages"}],"about":[{"href":"https:\/\/www.club-der-hundefreunde-achim.de\/cms\/wp-json\/wp\/v2\/types\/page"}],"author":[{"embeddable":true,"href":"https:\/\/www.club-der-hundefreunde-achim.de\/cms\/wp-json\/wp\/v2\/users\/1"}],"replies":[{"embeddable":true,"href":"https:\/\/www.club-der-hundefreunde-achim.de\/cms\/wp-json\/wp\/v2\/comments?post=558"}],"version-history":[{"count":6,"href":"https:\/\/www.club-der-hundefreunde-achim.de\/cms\/wp-json\/wp\/v2\/pages\/558\/revisions"}],"predecessor-version":[{"id":784,"href":"https:\/\/www.club-der-hundefreunde-achim.de\/cms\/wp-json\/wp\/v2\/pages\/558\/revisions\/784"}],"wp:attachment":[{"href":"https:\/\/www.club-der-hundefreunde-achim.de\/cms\/wp-json\/wp\/v2\/media?parent=558"}],"curies":[{"name":"wp","href":"https:\/\/api.w.org\/{rel}","templated":true}]}}